{"id":9818,"date":"2023-12-04T20:44:44","date_gmt":"2023-12-04T20:44:44","guid":{"rendered":"https:\/\/www.ufusport.com\/?post_type=product&#038;p=9818"},"modified":"2025-02-06T15:46:06","modified_gmt":"2025-02-06T15:46:06","slug":"collant-echauffement","status":"publish","type":"product","link":"https:\/\/www.ufusport.com\/en\/product\/collant-echauffement\/","title":{"rendered":"Collant \u00c9chauffement"},"content":{"rendered":"<p>Collant \u00c9chauffement<\/p>\n<p><strong><em>Caract\u00e9ristiques techniques :\u00a0<\/em><\/strong><\/p>\n<ul>\n<li>Coupe Femme\/Homme<\/li>\n<li>Version \u00c9t\u00e9\/Version Hiver<\/li>\n<li>Zips le long des jambes<\/li>\n<li>\u00c9lastique autour des hanches<\/li>\n<\/ul>\n<p>(Tous nos produits sont \u00e9quip\u00e9s de zip YKK pour une fermeture fiable et durable)<\/p>","protected":false},"excerpt":{"rendered":"<p>Cr\u00e9\u00e9 pour les cyclistes souhaitant se pr\u00e9parer efficacement avant une course. Il est dot\u00e9 de <strong>deux zips le long des jambes<\/strong>, il peut \u00eatre <strong>retir\u00e9 rapidement<\/strong> et facilement, sans avoir le besoin d\u2019enlever les chaussures, vous permettant ainsi de passer \u00e0 l\u2019action en un instant.<\/p>\n<p>Soyez pr\u00eat \u00e0 performer gr\u00e2ce \u00e0 une version \u00e9t\u00e9 et hiver.<\/p>","protected":false},"featured_media":9779,"template":"","meta":{"_monsterinsights_skip_tracking":false,"_monsterinsights_sitenote_active":false,"_monsterinsights_sitenote_note":"","_monsterinsights_sitenote_category":0,"_uf_show_specific_survey":0,"_uf_disable_surveys":false},"product_brand":[],"product_cat":[130,98,124],"product_tag":[],"class_list":{"0":"post-9818","1":"product","2":"type-product","3":"status-publish","4":"has-post-thumbnail","6":"product_cat-cuissard-long","7":"product_cat-cyclisme","8":"product_cat-vetements","10":"first","11":"instock","12":"shipping-taxable","13":"product-type-simple"},"aioseo_notices":[],"_links":{"self":[{"href":"https:\/\/www.ufusport.com\/en\/wp-json\/wp\/v2\/product\/9818","targetHints":{"allow":["GET"]}}],"collection":[{"href":"https:\/\/www.ufusport.com\/en\/wp-json\/wp\/v2\/product"}],"about":[{"href":"https:\/\/www.ufusport.com\/en\/wp-json\/wp\/v2\/types\/product"}],"version-history":[{"count":5,"href":"https:\/\/www.ufusport.com\/en\/wp-json\/wp\/v2\/product\/9818\/revisions"}],"predecessor-version":[{"id":14664,"href":"https:\/\/www.ufusport.com\/en\/wp-json\/wp\/v2\/product\/9818\/revisions\/14664"}],"wp:featuredmedia":[{"embeddable":true,"href":"https:\/\/www.ufusport.com\/en\/wp-json\/wp\/v2\/media\/9779"}],"wp:attachment":[{"href":"https:\/\/www.ufusport.com\/en\/wp-json\/wp\/v2\/media?parent=9818"}],"wp:term":[{"taxonomy":"product_brand","embeddable":true,"href":"https:\/\/www.ufusport.com\/en\/wp-json\/wp\/v2\/product_brand?post=9818"},{"taxonomy":"product_cat","embeddable":true,"href":"https:\/\/www.ufusport.com\/en\/wp-json\/wp\/v2\/product_cat?post=9818"},{"taxonomy":"product_tag","embeddable":true,"href":"https:\/\/www.ufusport.com\/en\/wp-json\/wp\/v2\/product_tag?post=9818"}],"curies":[{"name":"wp","href":"https:\/\/api.w.org\/{rel}","templated":true}]}}