{"id":9817,"date":"2023-12-04T20:42:44","date_gmt":"2023-12-04T20:42:44","guid":{"rendered":"https:\/\/www.ufusport.com\/?post_type=product&#038;p=9817"},"modified":"2025-02-06T15:47:26","modified_gmt":"2025-02-06T15:47:26","slug":"collant-hiver","status":"publish","type":"product","link":"https:\/\/www.ufusport.com\/en\/product\/collant-hiver\/","title":{"rendered":"Collant Hiver"},"content":{"rendered":"<p>Collant Hiver<\/p>\n<p><strong><i>Caract\u00e9ristiques techniques\u202f:<\/i><\/strong><\/p>\n<ul>\n<li>Sublimation c\u00f4t\u00e9s droit, gauche et arri\u00e8re<\/li>\n<li>Peau de chamois &#8211;\u00a0<b><i><span style=\"color: #808080;\"><a style=\"color: #808080;\" href=\"https:\/\/dolomiti-pads.com\/project\/bormio-4\/?lang=en\">DOLOMITI BORMIO \u2013 LONG DISTANCE<\/a><\/span><span class=\"Apple-converted-space\"> (Homme) \/\u00a0<\/span><\/i><\/b><b><i><span style=\"color: #808080;\"><a style=\"color: #808080;\" href=\"https:\/\/acrobat.adobe.com\/id\/urn:aaid:sc:US:7b6e7094-93d4-4df6-bc90-790b62d049d1\">SAN MARCO FIOCCO WOMAN<\/a><\/span><span class=\"Apple-converted-space\"> (Femme)<\/span><\/i><\/b><\/li>\n<li>Couture chamois Zig Zag<\/li>\n<\/ul>","protected":false},"excerpt":{"rendered":"<p>Notre <strong>cuissard long<\/strong> est fait pour affronter les temp\u00e9ratures fraiches et vous prot\u00e9ger contre l\u2019hiver. Sa conception int\u00e8gre des <strong>mat\u00e9riaux isolants et respirants<\/strong>, vous gardant au chaud sans compromettre votre confort ni vos performances.<\/p>","protected":false},"featured_media":9889,"template":"","meta":{"_monsterinsights_skip_tracking":false,"_monsterinsights_sitenote_active":false,"_monsterinsights_sitenote_note":"","_monsterinsights_sitenote_category":0,"_uf_show_specific_survey":0,"_uf_disable_surveys":false},"product_brand":[],"product_cat":[130,98,124],"product_tag":[],"class_list":{"0":"post-9817","1":"product","2":"type-product","3":"status-publish","4":"has-post-thumbnail","6":"product_cat-cuissard-long","7":"product_cat-cyclisme","8":"product_cat-vetements","10":"first","11":"instock","12":"shipping-taxable","13":"product-type-simple"},"aioseo_notices":[],"_links":{"self":[{"href":"https:\/\/www.ufusport.com\/en\/wp-json\/wp\/v2\/product\/9817","targetHints":{"allow":["GET"]}}],"collection":[{"href":"https:\/\/www.ufusport.com\/en\/wp-json\/wp\/v2\/product"}],"about":[{"href":"https:\/\/www.ufusport.com\/en\/wp-json\/wp\/v2\/types\/product"}],"version-history":[{"count":4,"href":"https:\/\/www.ufusport.com\/en\/wp-json\/wp\/v2\/product\/9817\/revisions"}],"predecessor-version":[{"id":14665,"href":"https:\/\/www.ufusport.com\/en\/wp-json\/wp\/v2\/product\/9817\/revisions\/14665"}],"wp:featuredmedia":[{"embeddable":true,"href":"https:\/\/www.ufusport.com\/en\/wp-json\/wp\/v2\/media\/9889"}],"wp:attachment":[{"href":"https:\/\/www.ufusport.com\/en\/wp-json\/wp\/v2\/media?parent=9817"}],"wp:term":[{"taxonomy":"product_brand","embeddable":true,"href":"https:\/\/www.ufusport.com\/en\/wp-json\/wp\/v2\/product_brand?post=9817"},{"taxonomy":"product_cat","embeddable":true,"href":"https:\/\/www.ufusport.com\/en\/wp-json\/wp\/v2\/product_cat?post=9817"},{"taxonomy":"product_tag","embeddable":true,"href":"https:\/\/www.ufusport.com\/en\/wp-json\/wp\/v2\/product_tag?post=9817"}],"curies":[{"name":"wp","href":"https:\/\/api.w.org\/{rel}","templated":true}]}}