{"id":9815,"date":"2023-12-04T20:40:52","date_gmt":"2023-12-04T20:40:52","guid":{"rendered":"https:\/\/www.ufusport.com\/?post_type=product&#038;p=9815"},"modified":"2025-02-06T08:55:44","modified_gmt":"2025-02-06T08:55:44","slug":"combinaison-ultra-sport-mc","status":"publish","type":"product","link":"https:\/\/www.ufusport.com\/en\/product\/combinaison-ultra-sport-mc\/","title":{"rendered":"Combinaison Ultra Sport MC"},"content":{"rendered":"<p>Combinaison Ultra Sport MC (XC\/Piste)<\/p>\n<p><strong><i>Caract\u00e9ristiques techniques\u202f:\u00a0<\/i>\u00a0<\/strong><\/p>\n<ul>\n<li><span data-contrast=\"none\">Manches coup\u00e9es laser avec silicone.<\/span><span data-ccp-props=\"{&quot;201341983&quot;:0,&quot;335551550&quot;:6,&quot;335551620&quot;:6,&quot;335559739&quot;:160,&quot;335559740&quot;:259}\">\u00a0<\/span><\/li>\n<li><span data-contrast=\"none\">Manches raglan.<\/span><span data-ccp-props=\"{&quot;201341983&quot;:0,&quot;335551550&quot;:6,&quot;335551620&quot;:6,&quot;335559739&quot;:160,&quot;335559740&quot;:259}\">\u00a0<\/span><\/li>\n<li><span data-contrast=\"none\">Lycra l\u00e9ger pour une meilleure respirabilit\u00e9<\/span><span data-ccp-props=\"{&quot;201341983&quot;:0,&quot;335551550&quot;:6,&quot;335551620&quot;:6,&quot;335559739&quot;:160,&quot;335559740&quot;:259}\">\u00a0<\/span><\/li>\n<li><span data-contrast=\"none\">Ouverture classique\u00a0<\/span><span data-ccp-props=\"{&quot;201341983&quot;:0,&quot;335551550&quot;:6,&quot;335551620&quot;:6,&quot;335559739&quot;:160,&quot;335559740&quot;:259}\">\u00a0<\/span><\/li>\n<li><span data-contrast=\"none\">2 poches<\/span><span data-ccp-props=\"{&quot;201341983&quot;:0,&quot;335551550&quot;:6,&quot;335551620&quot;:6,&quot;335559739&quot;:160,&quot;335559740&quot;:259}\">\u00a0<\/span><\/li>\n<li><span data-contrast=\"none\">Bande tour de cuisse en silicone (4 ou 7cm)<\/span><span data-ccp-props=\"{&quot;201341983&quot;:0,&quot;335551550&quot;:6,&quot;335551620&quot;:6,&quot;335559739&quot;:160,&quot;335559740&quot;:259}\">\u00a0<\/span><\/li>\n<li><span data-contrast=\"none\">Couture chamois Zig Zag<\/span><span data-ccp-props=\"{&quot;201341983&quot;:0,&quot;335559739&quot;:160,&quot;335559740&quot;:259}\">\u00a0<\/span><\/li>\n<li>Peau de chamois &#8211;\u00a0<b><i><span style=\"color: #808080;\"><a style=\"color: #808080;\" href=\"https:\/\/dolomiti-pads.com\/project\/bormio-4\/?lang=en\">DOLOMITI BORMIO \u2013 LONG DISTANCE<\/a><\/span><span class=\"Apple-converted-space\"> (Homme) \/\u00a0<\/span><\/i><\/b><b><i><span style=\"color: #808080;\"><a style=\"color: #808080;\" href=\"https:\/\/acrobat.adobe.com\/id\/urn:aaid:sc:US:7b6e7094-93d4-4df6-bc90-790b62d049d1\">SAN MARCO FIOCCO WOMAN<\/a><\/span><span class=\"Apple-converted-space\"> (Femme)<\/span><\/i><\/b><\/li>\n<\/ul>\n<p><span data-contrast=\"none\">(Tous nos produits sont \u00e9quip\u00e9s de zip YKK pour une fermeture fiable et durable)<\/span><\/p>\n<p><span data-ccp-props=\"{&quot;201341983&quot;:0,&quot;335551550&quot;:6,&quot;335551620&quot;:6,&quot;335559685&quot;:720,&quot;335559739&quot;:160,&quot;335559740&quot;:259}\">\u00a0<\/span><\/p>\n<p><span data-ccp-props=\"{&quot;201341983&quot;:0,&quot;335551550&quot;:6,&quot;335551620&quot;:6,&quot;335559739&quot;:160,&quot;335559740&quot;:259}\">\u00a0<\/span><\/p>\n<p><span data-ccp-props=\"{&quot;201341983&quot;:0,&quot;335551550&quot;:6,&quot;335551620&quot;:6,&quot;335559739&quot;:160,&quot;335559740&quot;:259}\">\u00a0<\/span><\/p>","protected":false},"excerpt":{"rendered":"<p>La <strong>combinaison Ultra Sport<\/strong>, enti\u00e8rement r\u00e9alis\u00e9e en <strong>lycra<\/strong>, est con\u00e7ue pour les cyclistes \u00e0 la recherche de <strong>polyvalence<\/strong> et de <strong>confort<\/strong>. Existe en <strong>2 versions<\/strong>, <strong>manche longue ou manche courte<\/strong>, avec un <strong>choix de col<\/strong> en fonction de vos besoins. Un produit id\u00e9al que ce soit en <strong>cyclocross ou sur piste<\/strong>.<\/p>","protected":false},"featured_media":10447,"template":"","meta":{"_monsterinsights_skip_tracking":false,"_monsterinsights_sitenote_active":false,"_monsterinsights_sitenote_note":"","_monsterinsights_sitenote_category":0,"_uf_show_specific_survey":0,"_uf_disable_surveys":false},"product_brand":[],"product_cat":[131,98,124],"product_tag":[],"class_list":{"0":"post-9815","1":"product","2":"type-product","3":"status-publish","4":"has-post-thumbnail","6":"product_cat-combinaison","7":"product_cat-cyclisme","8":"product_cat-vetements","10":"first","11":"instock","12":"shipping-taxable","13":"product-type-simple"},"aioseo_notices":[],"_links":{"self":[{"href":"https:\/\/www.ufusport.com\/en\/wp-json\/wp\/v2\/product\/9815","targetHints":{"allow":["GET"]}}],"collection":[{"href":"https:\/\/www.ufusport.com\/en\/wp-json\/wp\/v2\/product"}],"about":[{"href":"https:\/\/www.ufusport.com\/en\/wp-json\/wp\/v2\/types\/product"}],"version-history":[{"count":5,"href":"https:\/\/www.ufusport.com\/en\/wp-json\/wp\/v2\/product\/9815\/revisions"}],"predecessor-version":[{"id":14618,"href":"https:\/\/www.ufusport.com\/en\/wp-json\/wp\/v2\/product\/9815\/revisions\/14618"}],"wp:featuredmedia":[{"embeddable":true,"href":"https:\/\/www.ufusport.com\/en\/wp-json\/wp\/v2\/media\/10447"}],"wp:attachment":[{"href":"https:\/\/www.ufusport.com\/en\/wp-json\/wp\/v2\/media?parent=9815"}],"wp:term":[{"taxonomy":"product_brand","embeddable":true,"href":"https:\/\/www.ufusport.com\/en\/wp-json\/wp\/v2\/product_brand?post=9815"},{"taxonomy":"product_cat","embeddable":true,"href":"https:\/\/www.ufusport.com\/en\/wp-json\/wp\/v2\/product_cat?post=9815"},{"taxonomy":"product_tag","embeddable":true,"href":"https:\/\/www.ufusport.com\/en\/wp-json\/wp\/v2\/product_tag?post=9815"}],"curies":[{"name":"wp","href":"https:\/\/api.w.org\/{rel}","templated":true}]}}