{"id":9799,"date":"2023-12-04T20:11:57","date_gmt":"2023-12-04T20:11:57","guid":{"rendered":"https:\/\/www.ufusport.com\/?post_type=product&#038;p=9799"},"modified":"2025-02-06T09:05:28","modified_gmt":"2025-02-06T09:05:28","slug":"cuissard-ultra-sport","status":"publish","type":"product","link":"https:\/\/www.ufusport.com\/en\/product\/cuissard-ultra-sport\/","title":{"rendered":"Cuissard Ultra Sport"},"content":{"rendered":"<p>Cuissard Ultra Sport<\/p>\n<p><em>Finition laser<\/em><\/p>\n<p><span data-contrast=\"none\">Coup\u00e9 au laser et \u00e9quip\u00e9 d&rsquo;un silicone \u00ab\u00a0nid d&rsquo;abeille\u00a0\u00bb \u00e0 l&rsquo;int\u00e9rieur, cette technologie offre une sensation de confort exceptionnelle tout en apportant un style raffin\u00e9.<\/span><span data-ccp-props=\"{&quot;201341983&quot;:0,&quot;335559739&quot;:160,&quot;335559740&quot;:259}\">\u00a0<\/span><\/p>\n<p><strong><i>Caract\u00e9ristiques techniques\u202f:<\/i>\u00a0<\/strong><\/p>\n<ul>\n<li><span data-contrast=\"none\">Coupe Femme\/Homme<\/span><\/li>\n<li><span data-contrast=\"none\">Sublimation c\u00f4t\u00e9s droit, gauche et arri\u00e8re<\/span><span data-ccp-props=\"{&quot;201341983&quot;:0,&quot;335551550&quot;:6,&quot;335551620&quot;:6,&quot;335559739&quot;:160,&quot;335559740&quot;:259}\">\u00a0<\/span><\/li>\n<li><span data-contrast=\"none\">Coup\u00e9 laser avec silicone \u201cnid d\u2019abeille\u201d (7cm)<\/span><span data-ccp-props=\"{&quot;201341983&quot;:0,&quot;335551550&quot;:6,&quot;335551620&quot;:6,&quot;335559739&quot;:160,&quot;335559740&quot;:259}\">\u00a0<\/span><\/li>\n<li><span data-contrast=\"none\">Bretelles confort<\/span><span data-ccp-props=\"{&quot;201341983&quot;:0,&quot;335551550&quot;:6,&quot;335551620&quot;:6,&quot;335559739&quot;:160,&quot;335559740&quot;:259}\">\u00a0<\/span><\/li>\n<li>Peau de chamois &#8211;\u00a0<b><i><span style=\"color: #808080;\"><a style=\"color: #808080;\" href=\"https:\/\/dolomiti-pads.com\/project\/bormio-4\/?lang=en\">DOLOMITI BORMIO \u2013 LONG DISTANCE<\/a><\/span><span class=\"Apple-converted-space\"> (Homme) \/\u00a0<\/span><\/i><\/b><b><i><span style=\"color: #808080;\"><a style=\"color: #808080;\" href=\"https:\/\/acrobat.adobe.com\/id\/urn:aaid:sc:US:7b6e7094-93d4-4df6-bc90-790b62d049d1\">SAN MARCO FIOCCO WOMAN<\/a><\/span><span class=\"Apple-converted-space\"> (Femme)<\/span><\/i><\/b><\/li>\n<li>Couture chamois Zig Zag<\/li>\n<\/ul>\n<p><span data-contrast=\"none\">Existe en 3 coupes (pro*, sport**, touristique***).<\/span><span data-ccp-props=\"{&quot;201341983&quot;:0,&quot;335551550&quot;:6,&quot;335551620&quot;:6,&quot;335557856&quot;:16777215,&quot;335559738&quot;:300,&quot;335559739&quot;:300,&quot;335559740&quot;:259}\">\u00a0<\/span><\/p>\n<p><em>*Le cuissard coupe pro est long (au-dessus du genou).\u00a0<\/em><\/p>\n<p><em>**Le cuissard coupe sport est de longueur classique (-3 cm par rapport au pro).\u00a0<\/em><\/p>\n<p><em>***Le cuissard coupe loisir est le plus court (-2 cm par rapport au sport)<\/em><\/p>","protected":false},"excerpt":{"rendered":"<p>Le <strong>cuissard Ultra Sport<\/strong> est le choix id\u00e9al pour la <strong>sublimation<\/strong>, con\u00e7u pour offrir un confort optimal et des performances de haut niveau lors de vos s\u00e9ances d&rsquo;entra\u00eenement et de comp\u00e9tition. Fabriqu\u00e9 avec des <strong>mat\u00e9riaux de qualit\u00e9 sup\u00e9rieure<\/strong> et une <strong>technologie de pointe<\/strong>, ce cuissard est sp\u00e9cialement con\u00e7u pour les cyclistes exigeants.<\/p>","protected":false},"featured_media":10599,"template":"","meta":{"_monsterinsights_skip_tracking":false,"_monsterinsights_sitenote_active":false,"_monsterinsights_sitenote_note":"","_monsterinsights_sitenote_category":0,"_uf_show_specific_survey":0,"_uf_disable_surveys":false},"product_brand":[],"product_cat":[129,98,124],"product_tag":[],"class_list":{"0":"post-9799","1":"product","2":"type-product","3":"status-publish","4":"has-post-thumbnail","6":"product_cat-cuissard-vetements","7":"product_cat-cyclisme","8":"product_cat-vetements","10":"first","11":"instock","12":"shipping-taxable","13":"product-type-simple"},"aioseo_notices":[],"_links":{"self":[{"href":"https:\/\/www.ufusport.com\/en\/wp-json\/wp\/v2\/product\/9799","targetHints":{"allow":["GET"]}}],"collection":[{"href":"https:\/\/www.ufusport.com\/en\/wp-json\/wp\/v2\/product"}],"about":[{"href":"https:\/\/www.ufusport.com\/en\/wp-json\/wp\/v2\/types\/product"}],"version-history":[{"count":5,"href":"https:\/\/www.ufusport.com\/en\/wp-json\/wp\/v2\/product\/9799\/revisions"}],"predecessor-version":[{"id":14625,"href":"https:\/\/www.ufusport.com\/en\/wp-json\/wp\/v2\/product\/9799\/revisions\/14625"}],"wp:featuredmedia":[{"embeddable":true,"href":"https:\/\/www.ufusport.com\/en\/wp-json\/wp\/v2\/media\/10599"}],"wp:attachment":[{"href":"https:\/\/www.ufusport.com\/en\/wp-json\/wp\/v2\/media?parent=9799"}],"wp:term":[{"taxonomy":"product_brand","embeddable":true,"href":"https:\/\/www.ufusport.com\/en\/wp-json\/wp\/v2\/product_brand?post=9799"},{"taxonomy":"product_cat","embeddable":true,"href":"https:\/\/www.ufusport.com\/en\/wp-json\/wp\/v2\/product_cat?post=9799"},{"taxonomy":"product_tag","embeddable":true,"href":"https:\/\/www.ufusport.com\/en\/wp-json\/wp\/v2\/product_tag?post=9799"}],"curies":[{"name":"wp","href":"https:\/\/api.w.org\/{rel}","templated":true}]}}