{"id":9797,"date":"2023-12-04T20:10:11","date_gmt":"2023-12-04T20:10:11","guid":{"rendered":"https:\/\/www.ufusport.com\/?post_type=product&#038;p=9797"},"modified":"2025-02-06T09:07:00","modified_gmt":"2025-02-06T09:07:00","slug":"cuissard-ultra-sport-lite","status":"publish","type":"product","link":"https:\/\/www.ufusport.com\/en\/product\/cuissard-ultra-sport-lite\/","title":{"rendered":"Cuissard Ultra Sport Lite"},"content":{"rendered":"<p>Cuissard Ultra Sport Lite<\/p>\n<p><em>Tissu perfor\u00e9<\/em><\/p>\n<p><span data-contrast=\"none\">Perforations au niveau des cuisses pour une sensation de l\u00e9g\u00e8ret\u00e9 exceptionnelle et une a\u00e9ration in\u00e9gal\u00e9e<\/span><span data-ccp-props=\"{&quot;201341983&quot;:0,&quot;335551550&quot;:6,&quot;335551620&quot;:6,&quot;335559739&quot;:160,&quot;335559740&quot;:259}\">\u00a0<\/span><\/p>\n<p><strong><i>Caract\u00e9ristiques techniques\u202f:<\/i>\u00a0\u00a0<\/strong><\/p>\n<ul>\n<li><span data-contrast=\"none\">Coupe Femme\/Homme<\/span><\/li>\n<li><span data-contrast=\"none\">Sublimation c\u00f4t\u00e9s droit, gauche et arri\u00e8re<\/span><span data-ccp-props=\"{&quot;201341983&quot;:0,&quot;335551550&quot;:6,&quot;335551620&quot;:6,&quot;335559739&quot;:160,&quot;335559740&quot;:259}\">\u00a0<\/span><\/li>\n<li><span data-contrast=\"none\">Coup\u00e9 laser avec bande silicone (1.5cm)<\/span><span data-ccp-props=\"{&quot;201341983&quot;:0,&quot;335551550&quot;:6,&quot;335551620&quot;:6,&quot;335559739&quot;:160,&quot;335559740&quot;:259}\">\u00a0<\/span><\/li>\n<li><span data-contrast=\"none\">Bretelles confort<\/span><span data-ccp-props=\"{&quot;201341983&quot;:0,&quot;335551550&quot;:6,&quot;335551620&quot;:6,&quot;335559739&quot;:160,&quot;335559740&quot;:259}\">\u00a0<\/span><\/li>\n<li>Peau de chamois &#8211;\u00a0<b><i><span style=\"color: #808080;\"><a style=\"color: #808080;\" href=\"https:\/\/dolomiti-pads.com\/project\/bormio-4\/?lang=en\">DOLOMITI BORMIO \u2013 LONG DISTANCE<\/a><\/span><span class=\"Apple-converted-space\"> (Homme) \/\u00a0<\/span><\/i><\/b><b><i><span style=\"color: #808080;\"><a style=\"color: #808080;\" href=\"https:\/\/acrobat.adobe.com\/id\/urn:aaid:sc:US:7b6e7094-93d4-4df6-bc90-790b62d049d1\">SAN MARCO FIOCCO WOMAN<\/a><\/span><span class=\"Apple-converted-space\"> (Femme)<\/span><\/i><\/b><\/li>\n<li>Couture chamois Zig Zag<\/li>\n<\/ul>\n<p><span data-contrast=\"none\">Existe en 2 coupes (pro*, sport**)<\/span><span data-ccp-props=\"{&quot;201341983&quot;:0,&quot;335551550&quot;:6,&quot;335551620&quot;:6,&quot;335559739&quot;:160,&quot;335559740&quot;:259}\">\u00a0<\/span><\/p>\n<p><em>*Le cuissard coupe pro est long (au-dessus du genou).\u00a0<\/em><\/p>\n<p><em>**Le cuissard coupe sport est de longueur classique (-3 cm par rapport au pro).\u00a0<\/em><\/p>","protected":false},"excerpt":{"rendered":"<p>Cr\u00e9\u00e9 sp\u00e9cifiquement pour les <strong>fortes chaleurs<\/strong> et les sessions de<strong> e-cycling<\/strong>, ce cuissard est votre alli\u00e9 ultime. Avec sa <strong>conception l\u00e9g\u00e8re<\/strong> et sa <strong>finition laser<\/strong>, il assure une <strong>ventilation maximale<\/strong> m\u00eame lors des journ\u00e9es les plus chaudes.<\/p>","protected":false},"featured_media":10605,"template":"","meta":{"_monsterinsights_skip_tracking":false,"_monsterinsights_sitenote_active":false,"_monsterinsights_sitenote_note":"","_monsterinsights_sitenote_category":0,"_uf_show_specific_survey":0,"_uf_disable_surveys":false},"product_brand":[],"product_cat":[129,98,124],"product_tag":[],"class_list":{"0":"post-9797","1":"product","2":"type-product","3":"status-publish","4":"has-post-thumbnail","6":"product_cat-cuissard-vetements","7":"product_cat-cyclisme","8":"product_cat-vetements","10":"first","11":"instock","12":"shipping-taxable","13":"product-type-simple"},"aioseo_notices":[],"_links":{"self":[{"href":"https:\/\/www.ufusport.com\/en\/wp-json\/wp\/v2\/product\/9797","targetHints":{"allow":["GET"]}}],"collection":[{"href":"https:\/\/www.ufusport.com\/en\/wp-json\/wp\/v2\/product"}],"about":[{"href":"https:\/\/www.ufusport.com\/en\/wp-json\/wp\/v2\/types\/product"}],"version-history":[{"count":5,"href":"https:\/\/www.ufusport.com\/en\/wp-json\/wp\/v2\/product\/9797\/revisions"}],"predecessor-version":[{"id":14627,"href":"https:\/\/www.ufusport.com\/en\/wp-json\/wp\/v2\/product\/9797\/revisions\/14627"}],"wp:featuredmedia":[{"embeddable":true,"href":"https:\/\/www.ufusport.com\/en\/wp-json\/wp\/v2\/media\/10605"}],"wp:attachment":[{"href":"https:\/\/www.ufusport.com\/en\/wp-json\/wp\/v2\/media?parent=9797"}],"wp:term":[{"taxonomy":"product_brand","embeddable":true,"href":"https:\/\/www.ufusport.com\/en\/wp-json\/wp\/v2\/product_brand?post=9797"},{"taxonomy":"product_cat","embeddable":true,"href":"https:\/\/www.ufusport.com\/en\/wp-json\/wp\/v2\/product_cat?post=9797"},{"taxonomy":"product_tag","embeddable":true,"href":"https:\/\/www.ufusport.com\/en\/wp-json\/wp\/v2\/product_tag?post=9797"}],"curies":[{"name":"wp","href":"https:\/\/api.w.org\/{rel}","templated":true}]}}