{"id":9731,"date":"2023-12-04T21:19:19","date_gmt":"2023-12-04T21:19:19","guid":{"rendered":"https:\/\/www.ufusport.com\/?post_type=product&#038;p=9731"},"modified":"2025-02-06T15:38:40","modified_gmt":"2025-02-06T15:38:40","slug":"veste-deluge-mc-gabba","status":"publish","type":"product","link":"https:\/\/www.ufusport.com\/en\/product\/veste-deluge-mc-gabba\/","title":{"rendered":"Veste Deluge MC (Gabba)"},"content":{"rendered":"<p>Veste Deluge MC (Gabba)<\/p>\n<p><strong><i>Caract\u00e9ristiques techniques\u202f:<\/i>\u00a0<\/strong><\/p>\n<ul>\n<li><span data-contrast=\"none\">Manches Mont\u00e9es<\/span><span data-ccp-props=\"{&quot;201341983&quot;:0,&quot;335551550&quot;:6,&quot;335551620&quot;:6,&quot;335559739&quot;:160,&quot;335559740&quot;:259}\">\u00a0<\/span><\/li>\n<li><span data-contrast=\"none\">Couture thermo soud\u00e9s\u00a0<\/span><span data-ccp-props=\"{&quot;201341983&quot;:0,&quot;335551550&quot;:6,&quot;335551620&quot;:6,&quot;335559739&quot;:160,&quot;335559740&quot;:259}\">\u00a0<\/span><\/li>\n<li><span data-contrast=\"none\">Bande silicone tour de la taille<\/span><span data-ccp-props=\"{&quot;201341983&quot;:0,&quot;335551550&quot;:6,&quot;335551620&quot;:6,&quot;335559739&quot;:160,&quot;335559740&quot;:259}\">\u00a0<\/span><\/li>\n<li><span data-contrast=\"none\">Bande\u00a0 r\u00e9fl\u00e9chissante au-dessus des poches<\/span><span data-ccp-props=\"{&quot;201341983&quot;:0,&quot;335551550&quot;:6,&quot;335551620&quot;:6,&quot;335559739&quot;:160,&quot;335559740&quot;:259}\">\u00a0<\/span><\/li>\n<li><span data-contrast=\"none\">3 poches<\/span><span data-ccp-props=\"{&quot;201341983&quot;:0,&quot;335551550&quot;:6,&quot;335551620&quot;:6,&quot;335559739&quot;:160,&quot;335559740&quot;:259}\">\u00a0<\/span><\/li>\n<\/ul>\n<p><span data-contrast=\"none\">(Tous nos produits sont \u00e9quip\u00e9s de zip YKK pour une fermeture fiable et durable)<\/span><span data-ccp-props=\"{&quot;201341983&quot;:0,&quot;335551550&quot;:6,&quot;335551620&quot;:6,&quot;335559739&quot;:160,&quot;335559740&quot;:259}\">\u00a0<\/span><\/p>","protected":false},"excerpt":{"rendered":"<p>D\u00e9couvrez la <strong>veste D\u00e9luge<\/strong>, sp\u00e9cialement cr\u00e9\u00e9 pour affronter les conditions pluvieuses. Cette veste offre une <strong>protection sup\u00e9rieure contre la pluie<\/strong> gr\u00e2ce \u00e0 ses <strong>coutures thermosoud\u00e9es<\/strong>, garantissant une \u00e9tanch\u00e9it\u00e9 maximale. Adapt\u00e9e \u00e0 la <strong>comp\u00e9tition<\/strong>, la veste D\u00e9luge MC permet aux cyclistes de performer au mieux m\u00eame sous des conditions m\u00e9t\u00e9orologiques d\u00e9favorables.<\/p>","protected":false},"featured_media":9768,"template":"","meta":{"_monsterinsights_skip_tracking":false,"_monsterinsights_sitenote_active":false,"_monsterinsights_sitenote_note":"","_monsterinsights_sitenote_category":0,"_uf_show_specific_survey":0,"_uf_disable_surveys":false},"product_brand":[],"product_cat":[98,132,124],"product_tag":[],"class_list":{"0":"post-9731","1":"product","2":"type-product","3":"status-publish","4":"has-post-thumbnail","6":"product_cat-cyclisme","7":"product_cat-veste-vetements","8":"product_cat-vetements","10":"first","11":"instock","12":"shipping-taxable","13":"product-type-simple"},"aioseo_notices":[],"_links":{"self":[{"href":"https:\/\/www.ufusport.com\/en\/wp-json\/wp\/v2\/product\/9731","targetHints":{"allow":["GET"]}}],"collection":[{"href":"https:\/\/www.ufusport.com\/en\/wp-json\/wp\/v2\/product"}],"about":[{"href":"https:\/\/www.ufusport.com\/en\/wp-json\/wp\/v2\/types\/product"}],"version-history":[{"count":4,"href":"https:\/\/www.ufusport.com\/en\/wp-json\/wp\/v2\/product\/9731\/revisions"}],"predecessor-version":[{"id":14660,"href":"https:\/\/www.ufusport.com\/en\/wp-json\/wp\/v2\/product\/9731\/revisions\/14660"}],"wp:featuredmedia":[{"embeddable":true,"href":"https:\/\/www.ufusport.com\/en\/wp-json\/wp\/v2\/media\/9768"}],"wp:attachment":[{"href":"https:\/\/www.ufusport.com\/en\/wp-json\/wp\/v2\/media?parent=9731"}],"wp:term":[{"taxonomy":"product_brand","embeddable":true,"href":"https:\/\/www.ufusport.com\/en\/wp-json\/wp\/v2\/product_brand?post=9731"},{"taxonomy":"product_cat","embeddable":true,"href":"https:\/\/www.ufusport.com\/en\/wp-json\/wp\/v2\/product_cat?post=9731"},{"taxonomy":"product_tag","embeddable":true,"href":"https:\/\/www.ufusport.com\/en\/wp-json\/wp\/v2\/product_tag?post=9731"}],"curies":[{"name":"wp","href":"https:\/\/api.w.org\/{rel}","templated":true}]}}