{"id":9727,"date":"2024-02-12T11:43:28","date_gmt":"2024-02-12T11:43:28","guid":{"rendered":"https:\/\/www.ufusport.com\/?post_type=product&#038;p=9727"},"modified":"2025-09-18T16:32:53","modified_gmt":"2025-09-18T16:32:53","slug":"maillot-pro-race-extra-lite","status":"publish","type":"product","link":"https:\/\/www.ufusport.com\/en\/product\/maillot-pro-race-extra-lite\/","title":{"rendered":"Maillot Pro Race Extra Lite"},"content":{"rendered":"<p>Maillot Pro Race Extra Lite<\/p>\n<p><i>L\u00e9g\u00e8ret\u00e9<\/i><\/p>\n<p><span data-contrast=\"none\">Dot\u00e9 d\u2019une construction uniforme en maille ultra fine sur l\u2019ensemble du maillot, il offre une sensation de l\u00e9g\u00e8ret\u00e9 in\u00e9gal\u00e9e, vous permettant de d\u00e9fier les fortes chaleurs avec style et aisance.<\/span><span data-ccp-props=\"{&quot;201341983&quot;:0,&quot;335551550&quot;:6,&quot;335551620&quot;:6,&quot;335559739&quot;:160,&quot;335559740&quot;:259}\">\u00a0<\/span><\/p>\n<p><strong><i>Caract\u00e9ristiques techniques\u202f:<\/i>\u00a0<\/strong><\/p>\n<ul>\n<li><span data-contrast=\"none\">Coupe Femme\/Homme<\/span><\/li>\n<li><span data-contrast=\"none\">Manches mont\u00e9es avec silicone<\/span><span data-ccp-props=\"{&quot;201341983&quot;:0,&quot;335551550&quot;:6,&quot;335551620&quot;:6,&quot;335559739&quot;:160,&quot;335559740&quot;:259}\">\u00a0<\/span><\/li>\n<li><span data-contrast=\"none\">Maille extra light alliant l\u00e9g\u00e8ret\u00e9 et a\u00e9ration maximale.<\/span><span data-ccp-props=\"{&quot;201341983&quot;:0,&quot;335551550&quot;:6,&quot;335551620&quot;:6,&quot;335559739&quot;:160,&quot;335559740&quot;:259}\">\u00a0<\/span><\/li>\n<li><span data-contrast=\"none\">Col en V.<\/span><span data-ccp-props=\"{&quot;201341983&quot;:0,&quot;335551550&quot;:6,&quot;335551620&quot;:6,&quot;335559739&quot;:160,&quot;335559740&quot;:259}\">\u00a0<\/span><\/li>\n<li><span data-contrast=\"none\">3 poches<\/span><span data-ccp-props=\"{&quot;201341983&quot;:0,&quot;335551550&quot;:6,&quot;335551620&quot;:6,&quot;335559739&quot;:160,&quot;335559740&quot;:259}\">\u00a0<\/span><\/li>\n<li><span data-contrast=\"none\">Bande de maintien en silicone \u00e0 l\u2019arri\u00e8re de la taille.<\/span><span data-ccp-props=\"{&quot;201341983&quot;:0,&quot;335551550&quot;:6,&quot;335551620&quot;:6,&quot;335559739&quot;:160,&quot;335559740&quot;:259}\">\u00a0<\/span><\/li>\n<li><span data-contrast=\"none\">Cache-zip<\/span><span data-ccp-props=\"{&quot;201341983&quot;:0,&quot;335551550&quot;:6,&quot;335551620&quot;:6,&quot;335559739&quot;:160,&quot;335559740&quot;:259}\">\u00a0<\/span><\/li>\n<\/ul>\n<p><span data-contrast=\"none\">(Tous nos produits sont \u00e9quip\u00e9s de zip YKK pour une fermeture fiable et durable)<\/span><\/p>\n<p><span data-contrast=\"none\">Existe en 2 coupes (pro et sport) *<\/span><span data-ccp-props=\"{&quot;201341983&quot;:0,&quot;335551550&quot;:6,&quot;335551620&quot;:6,&quot;335559739&quot;:160,&quot;335559740&quot;:259}\">\u00a0<\/span><\/p>\n<p><span data-contrast=\"none\">*La coupe sport est plus large que la coupe pro, les manches sont aussi raccourcies.<\/span><span data-ccp-props=\"{&quot;201341983&quot;:0,&quot;335551550&quot;:6,&quot;335551620&quot;:6,&quot;335559739&quot;:160,&quot;335559740&quot;:259}\">\u00a0<\/span><\/p>","protected":false},"excerpt":{"rendered":"<p>Con\u00e7u sp\u00e9cialement pour affronter les conditions de chaleur intense, ce maillot est \u00e9quip\u00e9 d&rsquo;un <strong>tissu en maille ultra-l\u00e9g\u00e8re<\/strong> qui offre une <strong>respirabilit\u00e9 exceptionnelle<\/strong>. Vous resterez confortablement \u00e0 l&rsquo;aise et profiterez d&rsquo;une <strong>ventilation optimale<\/strong>, m\u00eame lors de sessions de <strong>e-cycling<\/strong> ou pendant les <strong>journ\u00e9es les plus caniculaires<\/strong>.<\/p>","protected":false},"featured_media":15913,"template":"","meta":{"_monsterinsights_skip_tracking":false,"_monsterinsights_sitenote_active":false,"_monsterinsights_sitenote_note":"","_monsterinsights_sitenote_category":0,"_uf_show_specific_survey":0,"_uf_disable_surveys":false},"product_brand":[],"product_cat":[98,126,124],"product_tag":[203,206],"class_list":{"0":"post-9727","1":"product","2":"type-product","3":"status-publish","4":"has-post-thumbnail","6":"product_cat-cyclisme","7":"product_cat-maillot-vetements","8":"product_cat-vetements","9":"product_tag-elite","10":"product_tag-ete-printemps","12":"first","13":"instock","14":"shipping-taxable","15":"product-type-simple"},"aioseo_notices":[],"_links":{"self":[{"href":"https:\/\/www.ufusport.com\/en\/wp-json\/wp\/v2\/product\/9727","targetHints":{"allow":["GET"]}}],"collection":[{"href":"https:\/\/www.ufusport.com\/en\/wp-json\/wp\/v2\/product"}],"about":[{"href":"https:\/\/www.ufusport.com\/en\/wp-json\/wp\/v2\/types\/product"}],"version-history":[{"count":6,"href":"https:\/\/www.ufusport.com\/en\/wp-json\/wp\/v2\/product\/9727\/revisions"}],"predecessor-version":[{"id":14631,"href":"https:\/\/www.ufusport.com\/en\/wp-json\/wp\/v2\/product\/9727\/revisions\/14631"}],"wp:featuredmedia":[{"embeddable":true,"href":"https:\/\/www.ufusport.com\/en\/wp-json\/wp\/v2\/media\/15913"}],"wp:attachment":[{"href":"https:\/\/www.ufusport.com\/en\/wp-json\/wp\/v2\/media?parent=9727"}],"wp:term":[{"taxonomy":"product_brand","embeddable":true,"href":"https:\/\/www.ufusport.com\/en\/wp-json\/wp\/v2\/product_brand?post=9727"},{"taxonomy":"product_cat","embeddable":true,"href":"https:\/\/www.ufusport.com\/en\/wp-json\/wp\/v2\/product_cat?post=9727"},{"taxonomy":"product_tag","embeddable":true,"href":"https:\/\/www.ufusport.com\/en\/wp-json\/wp\/v2\/product_tag?post=9727"}],"curies":[{"name":"wp","href":"https:\/\/api.w.org\/{rel}","templated":true}]}}