{"id":8903,"date":"2024-01-09T18:18:52","date_gmt":"2024-01-09T18:18:52","guid":{"rendered":"http:\/\/www.ufusport.com\/?post_type=product&#038;p=8903"},"modified":"2025-02-06T15:36:35","modified_gmt":"2025-02-06T15:36:35","slug":"couvre-chaussures-ete","status":"publish","type":"product","link":"https:\/\/www.ufusport.com\/en\/product\/couvre-chaussures-ete\/","title":{"rendered":"Couvre chaussures \u00e9t\u00e9"},"content":{"rendered":"<p>Couvre chaussures \u00e9t\u00e9<\/p>\n<p><strong><i>Caract\u00e9ristiques techniques\u202f:<\/i>\u00a0<\/strong><\/p>\n<ul>\n<li><span data-contrast=\"none\">Version Light<\/span><\/li>\n<li>Personnalisable<\/li>\n<li><span data-contrast=\"none\">Zip arri\u00e8re <\/span><span data-ccp-props=\"{&quot;201341983&quot;:0,&quot;335559739&quot;:160,&quot;335559740&quot;:259}\">\u00a0<\/span><\/li>\n<\/ul>","protected":false},"excerpt":{"rendered":"<p>L\u00e9ger et ajust\u00e9, le <strong>couvre-chaussures \u00e9t\u00e9<\/strong> offre une protection optimale tout en restant respirant. Sa <strong>version Light<\/strong> assure un confort maximal par temps chaud, tandis que son <strong>zip arri\u00e8re<\/strong> facilite l&rsquo;enfilage. Enti\u00e8rement <strong>personnalisable<\/strong>, il allie style et performance pour compl\u00e9ter votre tenue.<\/p>\n<p>&nbsp;<\/p>","protected":false},"featured_media":8904,"template":"","meta":{"_monsterinsights_skip_tracking":false,"_monsterinsights_sitenote_active":false,"_monsterinsights_sitenote_note":"","_monsterinsights_sitenote_category":0,"_uf_show_specific_survey":0,"_uf_disable_surveys":false},"product_brand":[],"product_cat":[60,113,98],"product_tag":[],"class_list":{"0":"post-8903","1":"product","2":"type-product","3":"status-publish","4":"has-post-thumbnail","6":"product_cat-accessoires","7":"product_cat-couvre-chaussure","8":"product_cat-cyclisme","10":"first","11":"instock","12":"shipping-taxable","13":"product-type-simple"},"aioseo_notices":[],"_links":{"self":[{"href":"https:\/\/www.ufusport.com\/en\/wp-json\/wp\/v2\/product\/8903","targetHints":{"allow":["GET"]}}],"collection":[{"href":"https:\/\/www.ufusport.com\/en\/wp-json\/wp\/v2\/product"}],"about":[{"href":"https:\/\/www.ufusport.com\/en\/wp-json\/wp\/v2\/types\/product"}],"version-history":[{"count":4,"href":"https:\/\/www.ufusport.com\/en\/wp-json\/wp\/v2\/product\/8903\/revisions"}],"predecessor-version":[{"id":14658,"href":"https:\/\/www.ufusport.com\/en\/wp-json\/wp\/v2\/product\/8903\/revisions\/14658"}],"wp:featuredmedia":[{"embeddable":true,"href":"https:\/\/www.ufusport.com\/en\/wp-json\/wp\/v2\/media\/8904"}],"wp:attachment":[{"href":"https:\/\/www.ufusport.com\/en\/wp-json\/wp\/v2\/media?parent=8903"}],"wp:term":[{"taxonomy":"product_brand","embeddable":true,"href":"https:\/\/www.ufusport.com\/en\/wp-json\/wp\/v2\/product_brand?post=8903"},{"taxonomy":"product_cat","embeddable":true,"href":"https:\/\/www.ufusport.com\/en\/wp-json\/wp\/v2\/product_cat?post=8903"},{"taxonomy":"product_tag","embeddable":true,"href":"https:\/\/www.ufusport.com\/en\/wp-json\/wp\/v2\/product_tag?post=8903"}],"curies":[{"name":"wp","href":"https:\/\/api.w.org\/{rel}","templated":true}]}}