{"id":25655,"date":"2025-12-08T11:06:38","date_gmt":"2025-12-08T11:06:38","guid":{"rendered":"https:\/\/www.ufusport.com\/?post_type=product&#038;p=25655"},"modified":"2025-12-08T11:08:58","modified_gmt":"2025-12-08T11:08:58","slug":"maillot-ml-pro-mi-saison","status":"publish","type":"product","link":"https:\/\/www.ufusport.com\/en\/product\/maillot-ml-pro-mi-saison\/","title":{"rendered":"Maillot ML Pro mi-saison"},"content":{"rendered":"<p>Maillot ML Pro mi-saison<\/p>\n<p><strong><i>Caract\u00e9ristiques techniques\u202f:<\/i>\u00a0<\/strong><\/p>\n<ul>\n<li><span data-contrast=\"none\">Coupe pro\u00a0<\/span><span data-ccp-props=\"{&quot;201341983&quot;:0,&quot;335551550&quot;:6,&quot;335551620&quot;:6,&quot;335559739&quot;:160,&quot;335559740&quot;:259}\">\u00a0<\/span><\/li>\n<li><span data-contrast=\"none\">Manches mont\u00e9es<\/span><span data-ccp-props=\"{&quot;201341983&quot;:0,&quot;335551550&quot;:6,&quot;335551620&quot;:6,&quot;335559739&quot;:160,&quot;335559740&quot;:259}\">\u00a0<\/span><\/li>\n<li><span data-contrast=\"none\">Col haut<\/span><span data-ccp-props=\"{&quot;201341983&quot;:0,&quot;335551550&quot;:6,&quot;335551620&quot;:6,&quot;335559739&quot;:160,&quot;335559740&quot;:259}\">\u00a0<\/span><\/li>\n<li><span data-contrast=\"none\">Bande \u00e9lastique de maintien au poignet<\/span><span data-ccp-props=\"{&quot;201341983&quot;:0,&quot;335551550&quot;:6,&quot;335551620&quot;:6,&quot;335559739&quot;:160,&quot;335559740&quot;:259}\">\u00a0<\/span><\/li>\n<li><span data-contrast=\"none\">Bande \u00e9lastique de maintien \u00e0 l\u2019arri\u00e8re de la taille<\/span><span data-ccp-props=\"{&quot;201341983&quot;:0,&quot;335551550&quot;:6,&quot;335551620&quot;:6,&quot;335559739&quot;:160,&quot;335559740&quot;:259}\">\u00a0<\/span><\/li>\n<li><span data-contrast=\"none\">Bande silicone sur le devant de la taille<\/span><span data-ccp-props=\"{&quot;201341983&quot;:0,&quot;335551550&quot;:6,&quot;335551620&quot;:6,&quot;335559739&quot;:160,&quot;335559740&quot;:259}\">\u00a0<\/span><\/li>\n<li><span data-contrast=\"none\">3 poches<\/span><span data-ccp-props=\"{&quot;201341983&quot;:0,&quot;335551550&quot;:6,&quot;335551620&quot;:6,&quot;335559739&quot;:160,&quot;335559740&quot;:259}\">\u00a0<\/span><\/li>\n<\/ul>\n<p><span data-contrast=\"none\">(Tous nos produits sont \u00e9quip\u00e9s de zip YKK pour une fermeture fiable et durable)<\/span><\/p>","protected":false},"excerpt":{"rendered":"<p>Notre <strong>maillot manche longue Pro mi-saison<\/strong> est con\u00e7u sp\u00e9cialement pour les cyclistes exigeants. Gr\u00e2ce \u00e0 sa <strong>coupe pro<\/strong>, ce maillot \u00e9pouse parfaitement votre corps, offrant un confort et une performance optimaux lors de vos sorties. Les <strong>deux \u00e9lastiques de maintien aux poignets<\/strong> et celui situ\u00e9 \u00e0 l&rsquo;arri\u00e8re de la taille garantissent un <strong>maintien impeccable<\/strong>, tandis que la <strong>bande en silicone<\/strong> \u00e0 l&rsquo;avant assure une <strong>stabilit\u00e9 maximale<\/strong>. Avec son <strong>col haut<\/strong>, il est le choix id\u00e9al pour affronter les conditions variables de la mi-saison.<\/p>\n<p>&nbsp;<\/p>","protected":false},"featured_media":10513,"template":"","meta":{"_monsterinsights_skip_tracking":false,"_monsterinsights_sitenote_active":false,"_monsterinsights_sitenote_note":"","_monsterinsights_sitenote_category":0,"_uf_show_specific_survey":0,"_uf_disable_surveys":false},"product_brand":[],"product_cat":[127,124],"product_tag":[],"class_list":{"0":"post-25655","1":"product","2":"type-product","3":"status-publish","4":"has-post-thumbnail","6":"product_cat-maillot-ml","7":"product_cat-vetements","9":"first","10":"instock","11":"shipping-taxable","12":"product-type-simple"},"aioseo_notices":[],"_links":{"self":[{"href":"https:\/\/www.ufusport.com\/en\/wp-json\/wp\/v2\/product\/25655","targetHints":{"allow":["GET"]}}],"collection":[{"href":"https:\/\/www.ufusport.com\/en\/wp-json\/wp\/v2\/product"}],"about":[{"href":"https:\/\/www.ufusport.com\/en\/wp-json\/wp\/v2\/types\/product"}],"version-history":[{"count":2,"href":"https:\/\/www.ufusport.com\/en\/wp-json\/wp\/v2\/product\/25655\/revisions"}],"predecessor-version":[{"id":25657,"href":"https:\/\/www.ufusport.com\/en\/wp-json\/wp\/v2\/product\/25655\/revisions\/25657"}],"wp:featuredmedia":[{"embeddable":true,"href":"https:\/\/www.ufusport.com\/en\/wp-json\/wp\/v2\/media\/10513"}],"wp:attachment":[{"href":"https:\/\/www.ufusport.com\/en\/wp-json\/wp\/v2\/media?parent=25655"}],"wp:term":[{"taxonomy":"product_brand","embeddable":true,"href":"https:\/\/www.ufusport.com\/en\/wp-json\/wp\/v2\/product_brand?post=25655"},{"taxonomy":"product_cat","embeddable":true,"href":"https:\/\/www.ufusport.com\/en\/wp-json\/wp\/v2\/product_cat?post=25655"},{"taxonomy":"product_tag","embeddable":true,"href":"https:\/\/www.ufusport.com\/en\/wp-json\/wp\/v2\/product_tag?post=25655"}],"curies":[{"name":"wp","href":"https:\/\/api.w.org\/{rel}","templated":true}]}}