{"id":15802,"date":"2025-05-05T10:00:53","date_gmt":"2025-05-05T10:00:53","guid":{"rendered":"https:\/\/www.ufusport.com\/?post_type=product&#038;p=15802"},"modified":"2025-05-05T15:18:38","modified_gmt":"2025-05-05T15:18:38","slug":"cuissard-mallorca-femme","status":"publish","type":"product","link":"https:\/\/www.ufusport.com\/en\/product\/cuissard-mallorca-femme\/","title":{"rendered":"Cuissard Mallorca Femme"},"content":{"rendered":"<p>Cuissard A\u00e9ro Pro Race<\/p>\n<p><em><strong>Caract\u00e9ristiques techniques\u202f:\u00a0<\/strong><\/em><\/p>\n<ul>\n<li><em>Couleur: noir avec Polymark blanc<\/em><\/li>\n<li><em>Coup\u00e9 laser avec silicone \u201cnid d\u2019abeille\u201d (7cm)\u00a0<\/em><\/li>\n<li><em>Pas de couture apparente\u00a0<\/em><\/li>\n<li><em>Peau de chamois <\/em><span style=\"color: #808080;\"><a style=\"color: #808080;\" href=\"https:\/\/www.sanmarcopads.it\/en\/prodotti\/termoformati\/leone\/\"><b><i>SAN MARCO LEONE<span class=\"Apple-converted-space\">\u00a0<\/span><\/i><\/b><\/a><\/span><\/li>\n<li><em>Couture chamois Zig Zag\u00a0<\/em><\/li>\n<li><em>Bretelles extra light\u00a0<\/em><\/li>\n<\/ul>\n<p>&nbsp;<\/p>","protected":false},"excerpt":{"rendered":"<p>Le <strong>cuissard Polymark A\u00e9ro Pro Race<\/strong> est con\u00e7u pour offrir un m\u00e9lange parfait de confort, style et performance. Gr\u00e2ce \u00e0 sa <strong>technologie de collage innovante Polymark<\/strong>, il arbore une finition moderne et \u00e9l\u00e9gante avec des <strong>coutures minimales<\/strong> et une <strong>coupe au laser<\/strong> pour un look \u00e9pur\u00e9. Sa <strong>peau de chamois haute performance<\/strong> assure un confort optimal en amortissant les vibrations, tandis que les <strong>tissus haut de gamme<\/strong> garantissent soutien musculaire et libert\u00e9 de mouvement. Avec sa <strong>coupe ergonomique<\/strong>, il offre un maintien parfait sans friction, pour une exp\u00e9rience cycliste in\u00e9gal\u00e9e.<\/p>\n<p>&nbsp;<\/p>\n<p>&nbsp;<\/p>","protected":false},"featured_media":15034,"template":"","meta":{"_monsterinsights_skip_tracking":false,"_monsterinsights_sitenote_active":false,"_monsterinsights_sitenote_note":"","_monsterinsights_sitenote_category":0,"_uf_show_specific_survey":0,"_uf_disable_surveys":false},"product_brand":[],"product_cat":[162,197],"product_tag":[],"class_list":{"0":"post-15802","1":"product","2":"type-product","3":"status-publish","4":"has-post-thumbnail","6":"product_cat-collection-limitee","7":"product_cat-mallorca","9":"first","10":"instock","11":"shipping-taxable","12":"purchasable","13":"product-type-variable"},"aioseo_notices":[],"_links":{"self":[{"href":"https:\/\/www.ufusport.com\/en\/wp-json\/wp\/v2\/product\/15802","targetHints":{"allow":["GET"]}}],"collection":[{"href":"https:\/\/www.ufusport.com\/en\/wp-json\/wp\/v2\/product"}],"about":[{"href":"https:\/\/www.ufusport.com\/en\/wp-json\/wp\/v2\/types\/product"}],"version-history":[{"count":2,"href":"https:\/\/www.ufusport.com\/en\/wp-json\/wp\/v2\/product\/15802\/revisions"}],"predecessor-version":[{"id":15970,"href":"https:\/\/www.ufusport.com\/en\/wp-json\/wp\/v2\/product\/15802\/revisions\/15970"}],"wp:featuredmedia":[{"embeddable":true,"href":"https:\/\/www.ufusport.com\/en\/wp-json\/wp\/v2\/media\/15034"}],"wp:attachment":[{"href":"https:\/\/www.ufusport.com\/en\/wp-json\/wp\/v2\/media?parent=15802"}],"wp:term":[{"taxonomy":"product_brand","embeddable":true,"href":"https:\/\/www.ufusport.com\/en\/wp-json\/wp\/v2\/product_brand?post=15802"},{"taxonomy":"product_cat","embeddable":true,"href":"https:\/\/www.ufusport.com\/en\/wp-json\/wp\/v2\/product_cat?post=15802"},{"taxonomy":"product_tag","embeddable":true,"href":"https:\/\/www.ufusport.com\/en\/wp-json\/wp\/v2\/product_tag?post=15802"}],"curies":[{"name":"wp","href":"https:\/\/api.w.org\/{rel}","templated":true}]}}