{"id":13148,"date":"2024-11-29T10:03:15","date_gmt":"2024-11-29T10:03:15","guid":{"rendered":"https:\/\/www.ufusport.com\/?post_type=product&#038;p=13148"},"modified":"2025-02-05T17:30:54","modified_gmt":"2025-02-05T17:30:54","slug":"ensemble-sardaigne","status":"publish","type":"product","link":"https:\/\/www.ufusport.com\/en\/product\/ensemble-sardaigne\/","title":{"rendered":"Ensemble Sardaigne"},"content":{"rendered":"<p>Dans l&rsquo;ensemble Sardaigne, l&rsquo;\u00e9quipe Ufusport vous propose une s\u00e9lection de produits d&rsquo;excellence technique et d&rsquo;\u00e9l\u00e9gance.<\/p>\n<p>Le pack complet comprend le <strong><em>MAILLOT<\/em> <em>A\u00e9ro Pro Race Lite<\/em><\/strong> ainsi que le\u00a0<strong><em>CUISSARD A\u00e9ro Pro Race<\/em><\/strong>. Des v\u00eatements qui vous permettrons d&rsquo;acc\u00e9der au sommet de votre performance.<\/p>\n<p>&nbsp;<\/p>","protected":false},"excerpt":{"rendered":"<p>Dans l&rsquo;ensemble Sardaigne, l&rsquo;\u00e9quipe Ufusport vous propose une s\u00e9lection de produits d&rsquo;excellence technique et d&rsquo;\u00e9l\u00e9gance. Le pack complet comprend le MAILLOT A\u00e9ro Pro Race Lite ainsi que le\u00a0CUISSARD A\u00e9ro Pro Race. Des v\u00eatements qui vous permettrons d&rsquo;acc\u00e9der au sommet de votre performance. &nbsp;<\/p>","protected":false},"featured_media":11169,"template":"","meta":{"_monsterinsights_skip_tracking":false,"_monsterinsights_sitenote_active":false,"_monsterinsights_sitenote_note":"","_monsterinsights_sitenote_category":0,"_uf_show_specific_survey":0,"_uf_disable_surveys":false},"product_brand":[],"product_cat":[162,163],"product_tag":[],"class_list":{"0":"post-13148","1":"product","2":"type-product","3":"status-publish","4":"has-post-thumbnail","6":"product_cat-collection-limitee","7":"product_cat-sardaigne","8":"pa_coupe-femme","9":"pa_coupe-homme","10":"pa_taille-l","11":"pa_taille-m","12":"pa_taille-s","13":"pa_taille-xl","14":"pa_taille-xs","15":"pa_taille-xxl","17":"first","18":"instock","19":"shipping-taxable","20":"product-type-variable"},"aioseo_notices":[],"_links":{"self":[{"href":"https:\/\/www.ufusport.com\/en\/wp-json\/wp\/v2\/product\/13148","targetHints":{"allow":["GET"]}}],"collection":[{"href":"https:\/\/www.ufusport.com\/en\/wp-json\/wp\/v2\/product"}],"about":[{"href":"https:\/\/www.ufusport.com\/en\/wp-json\/wp\/v2\/types\/product"}],"version-history":[{"count":1,"href":"https:\/\/www.ufusport.com\/en\/wp-json\/wp\/v2\/product\/13148\/revisions"}],"predecessor-version":[{"id":13149,"href":"https:\/\/www.ufusport.com\/en\/wp-json\/wp\/v2\/product\/13148\/revisions\/13149"}],"wp:featuredmedia":[{"embeddable":true,"href":"https:\/\/www.ufusport.com\/en\/wp-json\/wp\/v2\/media\/11169"}],"wp:attachment":[{"href":"https:\/\/www.ufusport.com\/en\/wp-json\/wp\/v2\/media?parent=13148"}],"wp:term":[{"taxonomy":"product_brand","embeddable":true,"href":"https:\/\/www.ufusport.com\/en\/wp-json\/wp\/v2\/product_brand?post=13148"},{"taxonomy":"product_cat","embeddable":true,"href":"https:\/\/www.ufusport.com\/en\/wp-json\/wp\/v2\/product_cat?post=13148"},{"taxonomy":"product_tag","embeddable":true,"href":"https:\/\/www.ufusport.com\/en\/wp-json\/wp\/v2\/product_tag?post=13148"}],"curies":[{"name":"wp","href":"https:\/\/api.w.org\/{rel}","templated":true}]}}