{"id":12982,"date":"2024-11-22T20:19:55","date_gmt":"2024-11-22T20:19:55","guid":{"rendered":"https:\/\/www.ufusport.com\/?post_type=product&#038;p=12982"},"modified":"2025-02-05T17:36:54","modified_gmt":"2025-02-05T17:36:54","slug":"couvre-chaussures-sierra-nevada","status":"publish","type":"product","link":"https:\/\/www.ufusport.com\/en\/product\/couvre-chaussures-sierra-nevada\/","title":{"rendered":"Couvre-Chaussures Sierra Nevada"},"content":{"rendered":"<p><strong>Les couvre-chaussures Hiver Sierra Nevada<\/strong><\/p>\n<p><i><span data-contrast=\"none\">Caract\u00e9ristiques techniques\u202f:<\/span><\/i><span data-ccp-props=\"{&quot;201341983&quot;:0,&quot;335559739&quot;:160,&quot;335559740&quot;:259}\">\u00a0<\/span><\/p>\n<ul>\n<li><span data-contrast=\"none\">Zip arri\u00e8re imperm\u00e9able<\/span><span data-ccp-props=\"{&quot;201341983&quot;:0,&quot;335559739&quot;:160,&quot;335559740&quot;:259}\">\u00a0<\/span><\/li>\n<li><span data-contrast=\"none\">Elastique et scratch de maintien au mollet <\/span><span data-ccp-props=\"{&quot;201341983&quot;:0,&quot;335559739&quot;:160,&quot;335559740&quot;:259}\">\u00a0<\/span><\/li>\n<li><span data-contrast=\"none\">Bout de pied renforc\u00e9 <\/span><span data-ccp-props=\"{&quot;201341983&quot;:0,&quot;335559739&quot;:160,&quot;335559740&quot;:259}\">\u00a0<\/span><\/li>\n<\/ul>","protected":false},"excerpt":{"rendered":"<p>Les <strong>couvre-chaussures d&rsquo;hiver<\/strong> sont con\u00e7us pour prot\u00e9ger vos pieds du froid pendant vos sorties par temps frais. Ce mod\u00e8le combine parfaitement <strong>confort<\/strong> et <strong>r\u00e9sistance<\/strong> aux intemp\u00e9ries.<\/p>","protected":false},"featured_media":12983,"template":"","meta":{"_monsterinsights_skip_tracking":false,"_monsterinsights_sitenote_active":false,"_monsterinsights_sitenote_note":"","_monsterinsights_sitenote_category":0,"_uf_show_specific_survey":0,"_uf_disable_surveys":false},"product_brand":[],"product_cat":[162,164],"product_tag":[],"class_list":{"0":"post-12982","1":"product","2":"type-product","3":"status-publish","4":"has-post-thumbnail","6":"product_cat-collection-limitee","7":"product_cat-sierra-nevada","9":"first","10":"instock","11":"shipping-taxable","12":"purchasable","13":"product-type-variable"},"aioseo_notices":[],"_links":{"self":[{"href":"https:\/\/www.ufusport.com\/en\/wp-json\/wp\/v2\/product\/12982","targetHints":{"allow":["GET"]}}],"collection":[{"href":"https:\/\/www.ufusport.com\/en\/wp-json\/wp\/v2\/product"}],"about":[{"href":"https:\/\/www.ufusport.com\/en\/wp-json\/wp\/v2\/types\/product"}],"version-history":[{"count":5,"href":"https:\/\/www.ufusport.com\/en\/wp-json\/wp\/v2\/product\/12982\/revisions"}],"predecessor-version":[{"id":14548,"href":"https:\/\/www.ufusport.com\/en\/wp-json\/wp\/v2\/product\/12982\/revisions\/14548"}],"wp:featuredmedia":[{"embeddable":true,"href":"https:\/\/www.ufusport.com\/en\/wp-json\/wp\/v2\/media\/12983"}],"wp:attachment":[{"href":"https:\/\/www.ufusport.com\/en\/wp-json\/wp\/v2\/media?parent=12982"}],"wp:term":[{"taxonomy":"product_brand","embeddable":true,"href":"https:\/\/www.ufusport.com\/en\/wp-json\/wp\/v2\/product_brand?post=12982"},{"taxonomy":"product_cat","embeddable":true,"href":"https:\/\/www.ufusport.com\/en\/wp-json\/wp\/v2\/product_cat?post=12982"},{"taxonomy":"product_tag","embeddable":true,"href":"https:\/\/www.ufusport.com\/en\/wp-json\/wp\/v2\/product_tag?post=12982"}],"curies":[{"name":"wp","href":"https:\/\/api.w.org\/{rel}","templated":true}]}}