{"id":10162,"date":"2024-06-12T13:21:48","date_gmt":"2024-06-12T13:21:48","guid":{"rendered":"https:\/\/www.ufusport.com\/?post_type=product&#038;p=10162"},"modified":"2025-02-05T17:44:49","modified_gmt":"2025-02-05T17:44:49","slug":"veste-deluge-ml-gabba","status":"publish","type":"product","link":"https:\/\/www.ufusport.com\/en\/product\/veste-deluge-ml-gabba\/","title":{"rendered":"Veste Deluge ML (gabba)"},"content":{"rendered":"<p>Veste D\u00e9luge ML Gabba<\/p>\n<p><strong><i>Caract\u00e9ristiques techniques\u202f:<\/i>\u00a0<\/strong><\/p>\n<ul>\n<li><span data-contrast=\"none\">Manches Mont\u00e9es<\/span><span data-ccp-props=\"{&quot;201341983&quot;:0,&quot;335551550&quot;:6,&quot;335551620&quot;:6,&quot;335559739&quot;:160,&quot;335559740&quot;:259}\">\u00a0<\/span><\/li>\n<li><span data-contrast=\"none\">Couture thermo soud\u00e9s\u00a0<\/span><span data-ccp-props=\"{&quot;201341983&quot;:0,&quot;335551550&quot;:6,&quot;335551620&quot;:6,&quot;335559739&quot;:160,&quot;335559740&quot;:259}\">\u00a0<\/span><\/li>\n<li><span data-contrast=\"none\">Bande silicone tour de la taille<\/span><span data-ccp-props=\"{&quot;201341983&quot;:0,&quot;335551550&quot;:6,&quot;335551620&quot;:6,&quot;335559739&quot;:160,&quot;335559740&quot;:259}\">\u00a0<\/span><\/li>\n<li><span data-contrast=\"none\">Bande\u00a0 r\u00e9fl\u00e9chissante au-dessus des poches<\/span><span data-ccp-props=\"{&quot;201341983&quot;:0,&quot;335551550&quot;:6,&quot;335551620&quot;:6,&quot;335559739&quot;:160,&quot;335559740&quot;:259}\">\u00a0<\/span><\/li>\n<li><span data-contrast=\"none\">3 poches<\/span><span data-ccp-props=\"{&quot;201341983&quot;:0,&quot;335551550&quot;:6,&quot;335551620&quot;:6,&quot;335559739&quot;:160,&quot;335559740&quot;:259}\">\u00a0<\/span><\/li>\n<\/ul>\n<p><span data-contrast=\"none\">(Tous nos produits sont \u00e9quip\u00e9s de zip YKK pour une fermeture fiable et durable)<\/span><span data-ccp-props=\"{&quot;201341983&quot;:0,&quot;335551550&quot;:6,&quot;335551620&quot;:6,&quot;335559739&quot;:160,&quot;335559740&quot;:259}\">\u00a0<\/span><\/p>\n<p><span data-ccp-props=\"{&quot;201341983&quot;:0,&quot;335551550&quot;:6,&quot;335551620&quot;:6,&quot;335559685&quot;:708,&quot;335559739&quot;:160,&quot;335559740&quot;:259}\">\u00a0<\/span><\/p>","protected":false},"excerpt":{"rendered":"<p>La <strong>veste D\u00e9luge ML Gabba<\/strong> reprend toutes les caract\u00e9ristiques de la version manche courte, tout en \u00e9tant sp\u00e9cialement adapt\u00e9e pour les entra\u00eenements. Id\u00e9ale pour les cyclistes qui s&rsquo;entra\u00eenent <strong>r\u00e9guli\u00e8rement<\/strong> sous <strong>temps pluvieux<\/strong>.<\/p>","protected":false},"featured_media":10522,"template":"","meta":{"_monsterinsights_skip_tracking":false,"_monsterinsights_sitenote_active":false,"_monsterinsights_sitenote_note":"","_monsterinsights_sitenote_category":0,"_uf_show_specific_survey":0,"_uf_disable_surveys":false},"product_brand":[],"product_cat":[98,132,124],"product_tag":[],"class_list":{"0":"post-10162","1":"product","2":"type-product","3":"status-publish","4":"has-post-thumbnail","6":"product_cat-cyclisme","7":"product_cat-veste-vetements","8":"product_cat-vetements","10":"first","11":"instock","12":"shipping-taxable","13":"product-type-simple"},"aioseo_notices":[],"_links":{"self":[{"href":"https:\/\/www.ufusport.com\/en\/wp-json\/wp\/v2\/product\/10162","targetHints":{"allow":["GET"]}}],"collection":[{"href":"https:\/\/www.ufusport.com\/en\/wp-json\/wp\/v2\/product"}],"about":[{"href":"https:\/\/www.ufusport.com\/en\/wp-json\/wp\/v2\/types\/product"}],"version-history":[{"count":6,"href":"https:\/\/www.ufusport.com\/en\/wp-json\/wp\/v2\/product\/10162\/revisions"}],"predecessor-version":[{"id":14555,"href":"https:\/\/www.ufusport.com\/en\/wp-json\/wp\/v2\/product\/10162\/revisions\/14555"}],"wp:featuredmedia":[{"embeddable":true,"href":"https:\/\/www.ufusport.com\/en\/wp-json\/wp\/v2\/media\/10522"}],"wp:attachment":[{"href":"https:\/\/www.ufusport.com\/en\/wp-json\/wp\/v2\/media?parent=10162"}],"wp:term":[{"taxonomy":"product_brand","embeddable":true,"href":"https:\/\/www.ufusport.com\/en\/wp-json\/wp\/v2\/product_brand?post=10162"},{"taxonomy":"product_cat","embeddable":true,"href":"https:\/\/www.ufusport.com\/en\/wp-json\/wp\/v2\/product_cat?post=10162"},{"taxonomy":"product_tag","embeddable":true,"href":"https:\/\/www.ufusport.com\/en\/wp-json\/wp\/v2\/product_tag?post=10162"}],"curies":[{"name":"wp","href":"https:\/\/api.w.org\/{rel}","templated":true}]}}