{"id":10161,"date":"2024-06-12T13:21:08","date_gmt":"2024-06-12T13:21:08","guid":{"rendered":"https:\/\/www.ufusport.com\/?post_type=product&#038;p=10161"},"modified":"2025-02-06T15:58:05","modified_gmt":"2025-02-06T15:58:05","slug":"couvre-chaussure-deluge","status":"publish","type":"product","link":"https:\/\/www.ufusport.com\/en\/product\/couvre-chaussure-deluge\/","title":{"rendered":"Couvre-Chaussure Deluge"},"content":{"rendered":"<p>Couvre-Chaussure Deluge<\/p>\n<p><strong><i>Caract\u00e9ristiques techniques\u202f:<\/i>\u00a0<\/strong><\/p>\n<ul>\n<li><span data-contrast=\"none\">Zip arri\u00e8re imperm\u00e9able<\/span><span data-ccp-props=\"{}\">\u00a0<\/span><\/li>\n<li><span data-contrast=\"none\">Elastique et scratch de maintien au mollet<\/span><span data-ccp-props=\"{}\">\u00a0<\/span><\/li>\n<\/ul>","protected":false},"excerpt":{"rendered":"<p>Le <strong>mod\u00e8le \u201c<em>deluge<\/em>\u201d<\/strong> est r\u00e9serv\u00e9 aux journ\u00e9es humides gr\u00e2ce \u00e0 sa conception dans une <strong>mati\u00e8re imperm\u00e9ables<\/strong> pour r\u00e9sister aux intemp\u00e9ries.<\/p>","protected":false},"featured_media":10198,"template":"","meta":{"_monsterinsights_skip_tracking":false,"_monsterinsights_sitenote_active":false,"_monsterinsights_sitenote_note":"","_monsterinsights_sitenote_category":0,"_uf_show_specific_survey":0,"_uf_disable_surveys":false},"product_brand":[],"product_cat":[60,113,98],"product_tag":[],"class_list":{"0":"post-10161","1":"product","2":"type-product","3":"status-publish","4":"has-post-thumbnail","6":"product_cat-accessoires","7":"product_cat-couvre-chaussure","8":"product_cat-cyclisme","10":"first","11":"instock","12":"shipping-taxable","13":"product-type-simple"},"aioseo_notices":[],"_links":{"self":[{"href":"https:\/\/www.ufusport.com\/en\/wp-json\/wp\/v2\/product\/10161","targetHints":{"allow":["GET"]}}],"collection":[{"href":"https:\/\/www.ufusport.com\/en\/wp-json\/wp\/v2\/product"}],"about":[{"href":"https:\/\/www.ufusport.com\/en\/wp-json\/wp\/v2\/types\/product"}],"version-history":[{"count":4,"href":"https:\/\/www.ufusport.com\/en\/wp-json\/wp\/v2\/product\/10161\/revisions"}],"predecessor-version":[{"id":14669,"href":"https:\/\/www.ufusport.com\/en\/wp-json\/wp\/v2\/product\/10161\/revisions\/14669"}],"wp:featuredmedia":[{"embeddable":true,"href":"https:\/\/www.ufusport.com\/en\/wp-json\/wp\/v2\/media\/10198"}],"wp:attachment":[{"href":"https:\/\/www.ufusport.com\/en\/wp-json\/wp\/v2\/media?parent=10161"}],"wp:term":[{"taxonomy":"product_brand","embeddable":true,"href":"https:\/\/www.ufusport.com\/en\/wp-json\/wp\/v2\/product_brand?post=10161"},{"taxonomy":"product_cat","embeddable":true,"href":"https:\/\/www.ufusport.com\/en\/wp-json\/wp\/v2\/product_cat?post=10161"},{"taxonomy":"product_tag","embeddable":true,"href":"https:\/\/www.ufusport.com\/en\/wp-json\/wp\/v2\/product_tag?post=10161"}],"curies":[{"name":"wp","href":"https:\/\/api.w.org\/{rel}","templated":true}]}}