{"id":10160,"date":"2024-06-12T13:20:35","date_gmt":"2024-06-12T13:20:35","guid":{"rendered":"https:\/\/www.ufusport.com\/?post_type=product&#038;p=10160"},"modified":"2025-02-06T15:59:07","modified_gmt":"2025-02-06T15:59:07","slug":"couvre-chaussure-hiver","status":"publish","type":"product","link":"https:\/\/www.ufusport.com\/en\/product\/couvre-chaussure-hiver\/","title":{"rendered":"Couvre-Chaussure Hiver"},"content":{"rendered":"<p>Couvre-Chaussure Hiver<\/p>\n<p><strong><i>Caract\u00e9ristiques techniques\u202f:<\/i>\u00a0<\/strong><\/p>\n<ul>\n<li><span data-contrast=\"none\">Zip arri\u00e8re imperm\u00e9able<\/span><span data-ccp-props=\"{&quot;201341983&quot;:0,&quot;335559739&quot;:160,&quot;335559740&quot;:259}\">\u00a0<\/span><\/li>\n<li><span data-contrast=\"none\">Elastique et scratch de maintien au mollet <\/span><span data-ccp-props=\"{&quot;201341983&quot;:0,&quot;335559739&quot;:160,&quot;335559740&quot;:259}\">\u00a0<\/span><\/li>\n<li><span data-contrast=\"none\">Bout de pied renforc\u00e9 <\/span><span data-ccp-props=\"{&quot;201341983&quot;:0,&quot;335559739&quot;:160,&quot;335559740&quot;:259}\">\u00a0<\/span><\/li>\n<\/ul>","protected":false},"excerpt":{"rendered":"<p>Les <strong>couvre-chaussures d&rsquo;hiver<\/strong> sont con\u00e7us pour prot\u00e9ger vos pieds du froid pendant vos sorties par temps frais. Ils sont <strong>personnalisables<\/strong> pour s&rsquo;accorder avec les couleurs de votre club. Ce mod\u00e8le combine parfaitement confort et r\u00e9sistance aux intemp\u00e9ries.<\/p>","protected":false},"featured_media":10202,"template":"","meta":{"_monsterinsights_skip_tracking":false,"_monsterinsights_sitenote_active":false,"_monsterinsights_sitenote_note":"","_monsterinsights_sitenote_category":0,"_uf_show_specific_survey":0,"_uf_disable_surveys":false},"product_brand":[],"product_cat":[60,113,98],"product_tag":[],"class_list":{"0":"post-10160","1":"product","2":"type-product","3":"status-publish","4":"has-post-thumbnail","6":"product_cat-accessoires","7":"product_cat-couvre-chaussure","8":"product_cat-cyclisme","10":"first","11":"instock","12":"shipping-taxable","13":"product-type-simple"},"aioseo_notices":[],"_links":{"self":[{"href":"https:\/\/www.ufusport.com\/en\/wp-json\/wp\/v2\/product\/10160","targetHints":{"allow":["GET"]}}],"collection":[{"href":"https:\/\/www.ufusport.com\/en\/wp-json\/wp\/v2\/product"}],"about":[{"href":"https:\/\/www.ufusport.com\/en\/wp-json\/wp\/v2\/types\/product"}],"version-history":[{"count":4,"href":"https:\/\/www.ufusport.com\/en\/wp-json\/wp\/v2\/product\/10160\/revisions"}],"predecessor-version":[{"id":14670,"href":"https:\/\/www.ufusport.com\/en\/wp-json\/wp\/v2\/product\/10160\/revisions\/14670"}],"wp:featuredmedia":[{"embeddable":true,"href":"https:\/\/www.ufusport.com\/en\/wp-json\/wp\/v2\/media\/10202"}],"wp:attachment":[{"href":"https:\/\/www.ufusport.com\/en\/wp-json\/wp\/v2\/media?parent=10160"}],"wp:term":[{"taxonomy":"product_brand","embeddable":true,"href":"https:\/\/www.ufusport.com\/en\/wp-json\/wp\/v2\/product_brand?post=10160"},{"taxonomy":"product_cat","embeddable":true,"href":"https:\/\/www.ufusport.com\/en\/wp-json\/wp\/v2\/product_cat?post=10160"},{"taxonomy":"product_tag","embeddable":true,"href":"https:\/\/www.ufusport.com\/en\/wp-json\/wp\/v2\/product_tag?post=10160"}],"curies":[{"name":"wp","href":"https:\/\/api.w.org\/{rel}","templated":true}]}}