{"id":10158,"date":"2024-06-12T13:19:23","date_gmt":"2024-06-12T13:19:23","guid":{"rendered":"https:\/\/www.ufusport.com\/?post_type=product&#038;p=10158"},"modified":"2025-02-06T16:02:06","modified_gmt":"2025-02-06T16:02:06","slug":"veste-flahute","status":"publish","type":"product","link":"https:\/\/www.ufusport.com\/en\/product\/veste-flahute\/","title":{"rendered":"Veste Flahute"},"content":{"rendered":"<p>Veste Flahute<\/p>\n<p><em><strong>Caract\u00e9ristiques techniques:\u00a0<\/strong><\/em><\/p>\n<p>(Tous nos produits sont \u00e9quip\u00e9s de zip YKK pour une fermeture fiable et durable)<\/p>","protected":false},"excerpt":{"rendered":"<p>Cette <strong>veste<\/strong> combine les atouts de notre <strong>gamme Flahute<\/strong>, avec une protection renforc\u00e9e gr\u00e2ce \u00e0 l\u2019ajout de <strong>manches<\/strong>. Con\u00e7ue pour affronter le vent et la pluie, cette <strong>veste l\u00e9g\u00e8re<\/strong> offre une couverture compl\u00e8te. Id\u00e9ale pour les sorties o\u00f9 la m\u00e9t\u00e9o peut changer, elle se glisse facilement dans la poche d\u2019un maillot une fois retir\u00e9e.<\/p>\n<p>&nbsp;<\/p>","protected":false},"featured_media":10537,"template":"","meta":{"_monsterinsights_skip_tracking":false,"_monsterinsights_sitenote_active":false,"_monsterinsights_sitenote_note":"","_monsterinsights_sitenote_category":0,"_uf_show_specific_survey":0,"_uf_disable_surveys":false},"product_brand":[],"product_cat":[98,132,124],"product_tag":[],"class_list":{"0":"post-10158","1":"product","2":"type-product","3":"status-publish","4":"has-post-thumbnail","6":"product_cat-cyclisme","7":"product_cat-veste-vetements","8":"product_cat-vetements","10":"first","11":"instock","12":"shipping-taxable","13":"product-type-simple"},"aioseo_notices":[],"_links":{"self":[{"href":"https:\/\/www.ufusport.com\/en\/wp-json\/wp\/v2\/product\/10158","targetHints":{"allow":["GET"]}}],"collection":[{"href":"https:\/\/www.ufusport.com\/en\/wp-json\/wp\/v2\/product"}],"about":[{"href":"https:\/\/www.ufusport.com\/en\/wp-json\/wp\/v2\/types\/product"}],"version-history":[{"count":6,"href":"https:\/\/www.ufusport.com\/en\/wp-json\/wp\/v2\/product\/10158\/revisions"}],"predecessor-version":[{"id":14672,"href":"https:\/\/www.ufusport.com\/en\/wp-json\/wp\/v2\/product\/10158\/revisions\/14672"}],"wp:featuredmedia":[{"embeddable":true,"href":"https:\/\/www.ufusport.com\/en\/wp-json\/wp\/v2\/media\/10537"}],"wp:attachment":[{"href":"https:\/\/www.ufusport.com\/en\/wp-json\/wp\/v2\/media?parent=10158"}],"wp:term":[{"taxonomy":"product_brand","embeddable":true,"href":"https:\/\/www.ufusport.com\/en\/wp-json\/wp\/v2\/product_brand?post=10158"},{"taxonomy":"product_cat","embeddable":true,"href":"https:\/\/www.ufusport.com\/en\/wp-json\/wp\/v2\/product_cat?post=10158"},{"taxonomy":"product_tag","embeddable":true,"href":"https:\/\/www.ufusport.com\/en\/wp-json\/wp\/v2\/product_tag?post=10158"}],"curies":[{"name":"wp","href":"https:\/\/api.w.org\/{rel}","templated":true}]}}