{"id":10157,"date":"2024-06-12T13:17:54","date_gmt":"2024-06-12T13:17:54","guid":{"rendered":"https:\/\/www.ufusport.com\/?post_type=product&#038;p=10157"},"modified":"2025-02-06T08:19:54","modified_gmt":"2025-02-06T08:19:54","slug":"maillot-ml-printemps","status":"publish","type":"product","link":"https:\/\/www.ufusport.com\/en\/product\/maillot-ml-printemps\/","title":{"rendered":"Maillot ML Printemps"},"content":{"rendered":"<p>Maillot ML Printemps<\/p>\n<p><strong><i>Caract\u00e9ristiques techniques\u202f:<\/i>\u00a0<\/strong><\/p>\n<ul>\n<li><span data-contrast=\"none\">Manches Raglan<\/span><span data-ccp-props=\"{&quot;201341983&quot;:0,&quot;335551550&quot;:6,&quot;335551620&quot;:6,&quot;335559739&quot;:160,&quot;335559740&quot;:259}\">\u00a0<\/span><\/li>\n<li><span data-contrast=\"none\">Col haut<\/span><span data-ccp-props=\"{&quot;201341983&quot;:0,&quot;335551550&quot;:6,&quot;335551620&quot;:6,&quot;335559739&quot;:160,&quot;335559740&quot;:259}\">\u00a0<\/span><\/li>\n<li><span data-contrast=\"none\">Bande silicone tour de la taille<\/span><span data-ccp-props=\"{&quot;201341983&quot;:0,&quot;335551550&quot;:6,&quot;335551620&quot;:6,&quot;335559739&quot;:160,&quot;335559740&quot;:259}\">\u00a0<\/span><\/li>\n<li><span data-contrast=\"none\">3 poches<\/span><span data-ccp-props=\"{&quot;201341983&quot;:0,&quot;335551550&quot;:6,&quot;335551620&quot;:6,&quot;335559739&quot;:160,&quot;335559740&quot;:259}\">\u00a0<\/span><\/li>\n<\/ul>\n<p><span data-contrast=\"none\">(Tous nos produits sont \u00e9quip\u00e9s de zip YKK pour une fermeture fiable et durable)<\/span><span data-ccp-props=\"{&quot;201341983&quot;:0,&quot;335551550&quot;:6,&quot;335551620&quot;:6,&quot;335559739&quot;:160,&quot;335559740&quot;:259}\">\u00a0<\/span><\/p>","protected":false},"excerpt":{"rendered":"<p>Sa <strong>coupe l\u00e9g\u00e8rement plus large<\/strong> en fait le choix id\u00e9al pour ceux qui pr\u00e9f\u00e8rent une silhouette moins ajust\u00e9e. Ce maillot est dot\u00e9 d&rsquo;une <strong>bande en silicone<\/strong> tout autour de la taille pour assurer une <strong>tenue stable<\/strong>, il offre une protection ad\u00e9quate contre les conditions printani\u00e8res.<\/p>","protected":false},"featured_media":10544,"template":"","meta":{"_monsterinsights_skip_tracking":false,"_monsterinsights_sitenote_active":false,"_monsterinsights_sitenote_note":"","_monsterinsights_sitenote_category":0,"_uf_show_specific_survey":0,"_uf_disable_surveys":false},"product_brand":[],"product_cat":[98,127,124],"product_tag":[],"class_list":{"0":"post-10157","1":"product","2":"type-product","3":"status-publish","4":"has-post-thumbnail","6":"product_cat-cyclisme","7":"product_cat-maillot-ml","8":"product_cat-vetements","10":"first","11":"instock","12":"shipping-taxable","13":"product-type-simple"},"aioseo_notices":[],"_links":{"self":[{"href":"https:\/\/www.ufusport.com\/en\/wp-json\/wp\/v2\/product\/10157","targetHints":{"allow":["GET"]}}],"collection":[{"href":"https:\/\/www.ufusport.com\/en\/wp-json\/wp\/v2\/product"}],"about":[{"href":"https:\/\/www.ufusport.com\/en\/wp-json\/wp\/v2\/types\/product"}],"version-history":[{"count":4,"href":"https:\/\/www.ufusport.com\/en\/wp-json\/wp\/v2\/product\/10157\/revisions"}],"predecessor-version":[{"id":14599,"href":"https:\/\/www.ufusport.com\/en\/wp-json\/wp\/v2\/product\/10157\/revisions\/14599"}],"wp:featuredmedia":[{"embeddable":true,"href":"https:\/\/www.ufusport.com\/en\/wp-json\/wp\/v2\/media\/10544"}],"wp:attachment":[{"href":"https:\/\/www.ufusport.com\/en\/wp-json\/wp\/v2\/media?parent=10157"}],"wp:term":[{"taxonomy":"product_brand","embeddable":true,"href":"https:\/\/www.ufusport.com\/en\/wp-json\/wp\/v2\/product_brand?post=10157"},{"taxonomy":"product_cat","embeddable":true,"href":"https:\/\/www.ufusport.com\/en\/wp-json\/wp\/v2\/product_cat?post=10157"},{"taxonomy":"product_tag","embeddable":true,"href":"https:\/\/www.ufusport.com\/en\/wp-json\/wp\/v2\/product_tag?post=10157"}],"curies":[{"name":"wp","href":"https:\/\/api.w.org\/{rel}","templated":true}]}}