{"id":10149,"date":"2024-06-12T13:05:40","date_gmt":"2024-06-12T13:05:40","guid":{"rendered":"https:\/\/www.ufusport.com\/?post_type=product&#038;p=10149"},"modified":"2025-02-06T09:01:40","modified_gmt":"2025-02-06T09:01:40","slug":"combinaison-aero-pro-race","status":"publish","type":"product","link":"https:\/\/www.ufusport.com\/en\/product\/combinaison-aero-pro-race\/","title":{"rendered":"Aero Pro Race Aerosuit"},"content":{"rendered":"<p>Aero Pro Race Aerosuit<\/p>\n<p><em>Polyvalence\u00a0\u00a0<\/em><\/p>\n<p><span data-contrast=\"none\">Fabriqu\u00e9e avec des mat\u00e9riaux l\u00e9gers et respirants, cette combinaison assure une <em>ventilation optimale<\/em>, vous gardant au frais et au sec m\u00eame lors des courses les plus exigeantes, sans n\u00e9gliger l\u2019<em>a\u00e9rodynamisme<\/em>.<\/span><span data-ccp-props=\"{&quot;201341983&quot;:0,&quot;335551550&quot;:6,&quot;335551620&quot;:6,&quot;335559739&quot;:160,&quot;335559740&quot;:259}\">\u00a0<\/span><\/p>\n<p><strong><i>Caract\u00e9ristiques techniques\u202f:<\/i>\u00a0<\/strong><\/p>\n<ul>\n<li><span data-contrast=\"none\">Manches strippes a\u00e9rodynamiques coup\u00e9es laser avec silicone.<\/span><span data-ccp-props=\"{&quot;201341983&quot;:0,&quot;335551550&quot;:6,&quot;335551620&quot;:6,&quot;335559739&quot;:160,&quot;335559740&quot;:259}\">\u00a0<\/span><\/li>\n<li><span data-contrast=\"none\">Manches raglan.<\/span><span data-ccp-props=\"{&quot;201341983&quot;:0,&quot;335551550&quot;:6,&quot;335551620&quot;:6,&quot;335559739&quot;:160,&quot;335559740&quot;:259}\">\u00a0<\/span><\/li>\n<li><span data-contrast=\"none\">Sans col<\/span><span data-ccp-props=\"{&quot;201341983&quot;:0,&quot;335551550&quot;:6,&quot;335551620&quot;:6,&quot;335559739&quot;:160,&quot;335559740&quot;:259}\">\u00a0<\/span><\/li>\n<li><span data-contrast=\"none\">Tissu l\u00e9ger pour une meilleure respirabilit\u00e9<\/span><span data-ccp-props=\"{&quot;201341983&quot;:0,&quot;335551550&quot;:6,&quot;335551620&quot;:6,&quot;335559739&quot;:160,&quot;335559740&quot;:259}\">\u00a0<\/span><\/li>\n<li><span data-contrast=\"none\">Ouverture classique\u00a0<\/span><span data-ccp-props=\"{&quot;201341983&quot;:0,&quot;335551550&quot;:6,&quot;335551620&quot;:6,&quot;335559739&quot;:160,&quot;335559740&quot;:259}\">\u00a0<\/span><\/li>\n<li><span data-contrast=\"none\">2 poches<\/span><span data-ccp-props=\"{&quot;201341983&quot;:0,&quot;335551550&quot;:6,&quot;335551620&quot;:6,&quot;335559739&quot;:160,&quot;335559740&quot;:259}\">\u00a0<\/span><\/li>\n<li><span data-contrast=\"none\">Bande tour de cuisse en silicone (4 ou 7cm)<\/span><span data-ccp-props=\"{&quot;201341983&quot;:0,&quot;335551550&quot;:6,&quot;335551620&quot;:6,&quot;335559739&quot;:160,&quot;335559740&quot;:259}\">\u00a0<\/span><\/li>\n<li>Peau de chamois &#8211;\u00a0<b><i><span style=\"color: #808080;\"><a style=\"color: #808080;\" href=\"https:\/\/dolomiti-pads.com\/project\/bormio-4\/?lang=en\">DOLOMITI BORMIO \u2013 LONG DISTANCE<\/a><\/span><span class=\"Apple-converted-space\"> (Homme) \/\u00a0<\/span><\/i><\/b><b><i><span style=\"color: #808080;\"><a style=\"color: #808080;\" href=\"https:\/\/acrobat.adobe.com\/id\/urn:aaid:sc:US:7b6e7094-93d4-4df6-bc90-790b62d049d1\">SAN MARCO FIOCCO WOMAN<\/a><\/span><span class=\"Apple-converted-space\"> (Femme)<\/span><\/i><\/b><\/li>\n<li>Couture chamois Zig Zag<\/li>\n<\/ul>\n<p><span data-contrast=\"none\">(Tous nos produits sont \u00e9quip\u00e9s de zip YKK pour une fermeture fiable et durable)<\/span><span data-ccp-props=\"{&quot;201341983&quot;:0,&quot;335551550&quot;:6,&quot;335551620&quot;:6,&quot;335559739&quot;:160,&quot;335559740&quot;:259}\">\u00a0<\/span><\/p>","protected":false},"excerpt":{"rendered":"<p>Fusion parfaite entre notre maillot Aero Pro Race Lite et le cuissard Sport, cette <strong>combinaison<\/strong> est con\u00e7ue pour offrir <strong>l\u00e9g\u00e8ret\u00e9<\/strong>, <strong>respirabilit\u00e9<\/strong> et <strong>a\u00e9rodynamisme<\/strong> sans compromis. Un incontournable pour tout <strong>comp\u00e9titeur<\/strong>.<\/p>","protected":false},"featured_media":10223,"template":"","meta":{"_monsterinsights_skip_tracking":false,"_monsterinsights_sitenote_active":false,"_monsterinsights_sitenote_note":"","_monsterinsights_sitenote_category":0,"_uf_show_specific_survey":0,"_uf_disable_surveys":false},"product_brand":[],"product_cat":[131,98,124],"product_tag":[],"class_list":{"0":"post-10149","1":"product","2":"type-product","3":"status-publish","4":"has-post-thumbnail","6":"product_cat-combinaison","7":"product_cat-cyclisme","8":"product_cat-vetements","10":"first","11":"instock","12":"shipping-taxable","13":"product-type-simple"},"aioseo_notices":[],"_links":{"self":[{"href":"https:\/\/www.ufusport.com\/en\/wp-json\/wp\/v2\/product\/10149","targetHints":{"allow":["GET"]}}],"collection":[{"href":"https:\/\/www.ufusport.com\/en\/wp-json\/wp\/v2\/product"}],"about":[{"href":"https:\/\/www.ufusport.com\/en\/wp-json\/wp\/v2\/types\/product"}],"version-history":[{"count":7,"href":"https:\/\/www.ufusport.com\/en\/wp-json\/wp\/v2\/product\/10149\/revisions"}],"predecessor-version":[{"id":14622,"href":"https:\/\/www.ufusport.com\/en\/wp-json\/wp\/v2\/product\/10149\/revisions\/14622"}],"wp:featuredmedia":[{"embeddable":true,"href":"https:\/\/www.ufusport.com\/en\/wp-json\/wp\/v2\/media\/10223"}],"wp:attachment":[{"href":"https:\/\/www.ufusport.com\/en\/wp-json\/wp\/v2\/media?parent=10149"}],"wp:term":[{"taxonomy":"product_brand","embeddable":true,"href":"https:\/\/www.ufusport.com\/en\/wp-json\/wp\/v2\/product_brand?post=10149"},{"taxonomy":"product_cat","embeddable":true,"href":"https:\/\/www.ufusport.com\/en\/wp-json\/wp\/v2\/product_cat?post=10149"},{"taxonomy":"product_tag","embeddable":true,"href":"https:\/\/www.ufusport.com\/en\/wp-json\/wp\/v2\/product_tag?post=10149"}],"curies":[{"name":"wp","href":"https:\/\/api.w.org\/{rel}","templated":true}]}}