{"id":10134,"date":"2024-06-12T12:51:29","date_gmt":"2024-06-12T12:51:29","guid":{"rendered":"https:\/\/www.ufusport.com\/?post_type=product&#038;p=10134"},"modified":"2025-02-06T09:00:43","modified_gmt":"2025-02-06T09:00:43","slug":"cuissard-aero-pro-race-polimark","status":"publish","type":"product","link":"https:\/\/www.ufusport.com\/en\/product\/cuissard-aero-pro-race-polimark\/","title":{"rendered":"Cuissard A\u00e9ro Pro Race &#8211; Polimark"},"content":{"rendered":"<p>Cuissard A\u00e9ro Pro Race &#8211; Polimark<\/p>\n<p><em>Polymark<\/em><\/p>\n<p><span data-contrast=\"none\">Cette technologie permet de coller la publicit\u00e9 sur le cuissard offrant ainsi un meilleur affichage publicitaire et un rendu optimal pour les sponsors.<\/span><span data-ccp-props=\"{&quot;201341983&quot;:0,&quot;335551550&quot;:6,&quot;335551620&quot;:6,&quot;335559739&quot;:160,&quot;335559740&quot;:259}\">\u00a0<\/span><\/p>\n<p><strong><i>Caract\u00e9ristiques techniques\u202f:<\/i>\u00a0<\/strong><\/p>\n<ul>\n<li><span data-contrast=\"none\">Polymark (Publicit\u00e9 coll\u00e9)<\/span><span data-ccp-props=\"{&quot;201341983&quot;:0,&quot;335551550&quot;:6,&quot;335551620&quot;:6,&quot;335559739&quot;:160,&quot;335559740&quot;:259}\">\u00a0<\/span><\/li>\n<li><span data-contrast=\"none\">Coup\u00e9 laser avec silicone \u201cnid d\u2019abeille\u201d (7cm)<\/span><span data-ccp-props=\"{&quot;201341983&quot;:0,&quot;335551550&quot;:6,&quot;335551620&quot;:6,&quot;335559739&quot;:160,&quot;335559740&quot;:259}\">\u00a0<\/span><\/li>\n<li><span data-contrast=\"none\">Pas de couture apparente<\/span><span data-ccp-props=\"{&quot;201341983&quot;:0,&quot;335551550&quot;:6,&quot;335551620&quot;:6,&quot;335559739&quot;:160,&quot;335559740&quot;:259}\">\u00a0<\/span><\/li>\n<li><span data-contrast=\"none\">Bretelles extra light <\/span><span data-ccp-props=\"{&quot;201341983&quot;:0,&quot;335551550&quot;:6,&quot;335551620&quot;:6,&quot;335559739&quot;:160,&quot;335559740&quot;:259}\">\u00a0<\/span><\/li>\n<li>Coupe Femme\/Homme<\/li>\n<li>Peau de chamois &#8211;\u00a0<b><i><span style=\"color: #808080;\"><a style=\"color: #808080;\" href=\"https:\/\/www.sanmarcopads.it\/en\/prodotti\/termoformati\/leone\/\">SAN MARCO LEONE<\/a><\/span><span class=\"Apple-converted-space\">\u00a0<\/span><\/i><\/b><\/li>\n<li>Couture chamois Zig Zag<\/li>\n<\/ul>\n<p><span data-contrast=\"none\">*Cuissard de couleurs limit\u00e9es (contacter nous pour d\u00e9couvrir la palette de couleurs satur\u00e9es)<\/span><span data-ccp-props=\"{&quot;201341983&quot;:0,&quot;335551550&quot;:6,&quot;335551620&quot;:6,&quot;335559739&quot;:160,&quot;335559740&quot;:259}\">\u00a0<\/span><\/p>\n<p><span data-contrast=\"none\">Existe en 2 coupes (pro*, sport**)<\/span><span data-ccp-props=\"{&quot;201341983&quot;:0,&quot;335551550&quot;:6,&quot;335551620&quot;:6,&quot;335557856&quot;:16777215,&quot;335559738&quot;:300,&quot;335559739&quot;:300,&quot;335559740&quot;:259}\">\u00a0<\/span><\/p>\n<p><em>*Le cuissard coupe pro est long (au-dessus du genou).\u00a0<\/em><\/p>\n<p><em>**Le cuissard coupe sport est de longueur classique (-3 cm par rapport au pro).\u00a0<\/em><\/p>","protected":false},"excerpt":{"rendered":"<p>D\u00e9couvrez notre <strong>cuissard Polymark<\/strong>: confortable, \u00e9l\u00e9gant et moderne gr\u00e2ce \u00e0 sa technologie innovante de collage de la publicit\u00e9 sur le tissu. Avec ses <strong>coutures minimales<\/strong> et sa <strong>finition au laser<\/strong>, il vous offre style et performance incomparables. Le cuissard A\u00e9ro Pro Race est le <strong>choix de r\u00e9f\u00e9rence<\/strong> pour les cyclistes recherchant \u00e0 la fois <strong>performance<\/strong> et <strong>confort<\/strong>.<\/p>\n<p><span data-ccp-props=\"{&quot;201341983&quot;:0,&quot;335551550&quot;:6,&quot;335551620&quot;:6,&quot;335559739&quot;:160,&quot;335559740&quot;:259}\">\u00a0<\/span><\/p>","protected":false},"featured_media":10213,"template":"","meta":{"_monsterinsights_skip_tracking":false,"_monsterinsights_sitenote_active":false,"_monsterinsights_sitenote_note":"","_monsterinsights_sitenote_category":0,"_uf_show_specific_survey":0,"_uf_disable_surveys":false},"product_brand":[],"product_cat":[129,98,124],"product_tag":[],"class_list":{"0":"post-10134","1":"product","2":"type-product","3":"status-publish","4":"has-post-thumbnail","6":"product_cat-cuissard-vetements","7":"product_cat-cyclisme","8":"product_cat-vetements","10":"first","11":"instock","12":"shipping-taxable","13":"product-type-simple"},"aioseo_notices":[],"_links":{"self":[{"href":"https:\/\/www.ufusport.com\/en\/wp-json\/wp\/v2\/product\/10134","targetHints":{"allow":["GET"]}}],"collection":[{"href":"https:\/\/www.ufusport.com\/en\/wp-json\/wp\/v2\/product"}],"about":[{"href":"https:\/\/www.ufusport.com\/en\/wp-json\/wp\/v2\/types\/product"}],"version-history":[{"count":6,"href":"https:\/\/www.ufusport.com\/en\/wp-json\/wp\/v2\/product\/10134\/revisions"}],"predecessor-version":[{"id":14621,"href":"https:\/\/www.ufusport.com\/en\/wp-json\/wp\/v2\/product\/10134\/revisions\/14621"}],"wp:featuredmedia":[{"embeddable":true,"href":"https:\/\/www.ufusport.com\/en\/wp-json\/wp\/v2\/media\/10213"}],"wp:attachment":[{"href":"https:\/\/www.ufusport.com\/en\/wp-json\/wp\/v2\/media?parent=10134"}],"wp:term":[{"taxonomy":"product_brand","embeddable":true,"href":"https:\/\/www.ufusport.com\/en\/wp-json\/wp\/v2\/product_brand?post=10134"},{"taxonomy":"product_cat","embeddable":true,"href":"https:\/\/www.ufusport.com\/en\/wp-json\/wp\/v2\/product_cat?post=10134"},{"taxonomy":"product_tag","embeddable":true,"href":"https:\/\/www.ufusport.com\/en\/wp-json\/wp\/v2\/product_tag?post=10134"}],"curies":[{"name":"wp","href":"https:\/\/api.w.org\/{rel}","templated":true}]}}