{"id":10133,"date":"2024-06-12T12:43:23","date_gmt":"2024-06-12T12:43:23","guid":{"rendered":"https:\/\/www.ufusport.com\/?post_type=product&#038;p=10133"},"modified":"2025-02-06T14:33:32","modified_gmt":"2025-02-06T14:33:32","slug":"maillot-actif","status":"publish","type":"product","link":"https:\/\/www.ufusport.com\/en\/product\/maillot-actif\/","title":{"rendered":"Active Jersey"},"content":{"rendered":"<p>Active Jersey<\/p>\n<p><strong><i>Caract\u00e9ristiques techniques\u202f:<\/i><\/strong><\/p>\n<ul>\n<li>Coupe large<\/li>\n<li>Manches Reglan<\/li>\n<li>Tissu a\u00e9r\u00e9 sur les c\u00f4t\u00e9s<\/li>\n<li>Bande de maintien en silicone<\/li>\n<li>Col en V.<\/li>\n<li>3 poches<\/li>\n<\/ul>\n<p>(Tous nos produits sont \u00e9quip\u00e9s de zip YKK pour une fermeture fiable et durable)<\/p>","protected":false},"excerpt":{"rendered":"<p>Positionn\u00e9 entre le maillot\u202f Essentiel\u202fet nos mod\u00e8les haut de gamme, le <strong>maillot Actif<\/strong> offre une <strong>coupe plus ample<\/strong> pour une libert\u00e9 de mouvement, tout en int\u00e9grant des <strong>tissus plus techniques<\/strong> pour une meilleure respirabilit\u00e9.<\/p>\n<p>&nbsp;<\/p>","protected":false},"featured_media":10573,"template":"","meta":{"_monsterinsights_skip_tracking":false,"_monsterinsights_sitenote_active":false,"_monsterinsights_sitenote_note":"","_monsterinsights_sitenote_category":0,"_uf_show_specific_survey":0,"_uf_disable_surveys":false},"product_brand":[],"product_cat":[98,126,124],"product_tag":[],"class_list":{"0":"post-10133","1":"product","2":"type-product","3":"status-publish","4":"has-post-thumbnail","6":"product_cat-cyclisme","7":"product_cat-maillot-vetements","8":"product_cat-vetements","10":"first","11":"instock","12":"shipping-taxable","13":"product-type-simple"},"aioseo_notices":[],"_links":{"self":[{"href":"https:\/\/www.ufusport.com\/en\/wp-json\/wp\/v2\/product\/10133","targetHints":{"allow":["GET"]}}],"collection":[{"href":"https:\/\/www.ufusport.com\/en\/wp-json\/wp\/v2\/product"}],"about":[{"href":"https:\/\/www.ufusport.com\/en\/wp-json\/wp\/v2\/types\/product"}],"version-history":[{"count":4,"href":"https:\/\/www.ufusport.com\/en\/wp-json\/wp\/v2\/product\/10133\/revisions"}],"predecessor-version":[{"id":14629,"href":"https:\/\/www.ufusport.com\/en\/wp-json\/wp\/v2\/product\/10133\/revisions\/14629"}],"wp:featuredmedia":[{"embeddable":true,"href":"https:\/\/www.ufusport.com\/en\/wp-json\/wp\/v2\/media\/10573"}],"wp:attachment":[{"href":"https:\/\/www.ufusport.com\/en\/wp-json\/wp\/v2\/media?parent=10133"}],"wp:term":[{"taxonomy":"product_brand","embeddable":true,"href":"https:\/\/www.ufusport.com\/en\/wp-json\/wp\/v2\/product_brand?post=10133"},{"taxonomy":"product_cat","embeddable":true,"href":"https:\/\/www.ufusport.com\/en\/wp-json\/wp\/v2\/product_cat?post=10133"},{"taxonomy":"product_tag","embeddable":true,"href":"https:\/\/www.ufusport.com\/en\/wp-json\/wp\/v2\/product_tag?post=10133"}],"curies":[{"name":"wp","href":"https:\/\/api.w.org\/{rel}","templated":true}]}}