{"id":8581,"date":"2019-02-10T22:53:16","date_gmt":"2019-02-10T22:53:16","guid":{"rendered":"http:\/\/www.ufusport.com\/?page_id=8581"},"modified":"2025-01-21T16:38:34","modified_gmt":"2025-01-21T16:38:34","slug":"comment-comander","status":"publish","type":"page","link":"https:\/\/www.ufusport.com\/en\/mon-compte\/comment-comander\/","title":{"rendered":"Conditions de vente"},"content":{"rendered":"<div data-elementor-type=\"wp-page\" data-elementor-id=\"8581\" class=\"elementor elementor-8581\" data-elementor-post-type=\"page\">\n\t\t\t\t<div class=\"elementor-element elementor-element-e7dd904 e-flex e-con-boxed e-con e-parent\" data-id=\"e7dd904\" data-element_type=\"container\" data-e-type=\"container\">\n\t\t\t\t\t<div class=\"e-con-inner\">\n\t\t\t\t\t<\/div>\n\t\t\t\t<\/div>\n\t\t<div class=\"elementor-element elementor-element-aaac32e e-flex e-con-boxed e-con e-parent\" data-id=\"aaac32e\" data-element_type=\"container\" data-e-type=\"container\">\n\t\t\t\t\t<div class=\"e-con-inner\">\n\t\t\t\t<div class=\"elementor-element elementor-element-ea7e6c5 elementor-widget elementor-widget-text-editor\" data-id=\"ea7e6c5\" data-element_type=\"widget\" data-e-type=\"widget\" data-widget_type=\"text-editor.default\">\n\t\t\t\t<div class=\"elementor-widget-container\">\n\t\t\t\t\t\t\t\t\t<ol><li><p>Pour assurer une mise en \u0153uvre pr\u00e9cise de vos commandes, veuillez les envoyer exclusivement par courrier \u00e9lectronique.<\/p><\/li><li><p>Avant de d\u00e9buter la conception et l&rsquo;ex\u00e9cution de votre commande, un acompte de 50% du montant total est requis, qui sera d\u00e9duit du paiement final.<\/p><\/li><li><p>Le solde final doit \u00eatre r\u00e9gl\u00e9 avant l&rsquo;exp\u00e9dition ou la r\u00e9ception de la commande.<\/p><\/li><li><p>Le d\u00e9lai de r\u00e9alisation est compris entre 2 et 6 semaines, et d\u00e9bute \u00e0 partir de la r\u00e9ception compl\u00e8te de votre commande par e-mail, incluant les tailles, quantit\u00e9s, et l&rsquo;approbation finale de la maquette. Ce d\u00e9lai peut varier en fonction de la saison.<\/p><\/li><li><p>UFUSPORT d\u00e9cline toute responsabilit\u00e9 en cas de choix incorrect des tailles. Nous vous offrons la possibilit\u00e9 de recevoir des \u00e9chantillons pour effectuer des essayages. \u00c9tant donn\u00e9 que les v\u00eatements sont fabriqu\u00e9s \u00e0 la main, une tol\u00e9rance de +\/- 1,5 cm est autoris\u00e9e.<\/p><\/li><li><p>En cas d\u2019annulation d&rsquo;une commande en cours de r\u00e9alisation, l&rsquo;acompte ne pourra pas \u00eatre rembours\u00e9 si les d\u00e9marches de pr\u00e9paration ont d\u00e9j\u00e0 \u00e9t\u00e9 entreprises.<\/p><\/li><li><p>Une fois la maquette finale approuv\u00e9e, UFUSPORT ne pourra \u00eatre tenu responsable des erreurs d&rsquo;impression non signal\u00e9es par le client sur le mod\u00e8le et le bon de commande valid\u00e9s.<\/p><\/li><li><p>UFUSPORT n\u2019est pas responsable des textes et des projets fournis par le client.<\/p><\/li><li><p>Les graphiques et logos sont ajust\u00e9s \u00e0 la taille demand\u00e9e. De l\u00e9g\u00e8res variations dans la disposition des \u00e9l\u00e9ments graphiques par rapport \u00e0 la visualisation sont tol\u00e9r\u00e9es.<\/p><\/li><li><p>Tous les fichiers graphiques fournis doivent \u00eatre au format vectoriel (ouvrable sous CorelDRAW X4, .cdr, .pdf, .eps, .AI), avec des couleurs d\u00e9finies selon le nuancier PANTONE C.<\/p><\/li><li><p>Le client consent au traitement de ses donn\u00e9es personnelles conform\u00e9ment \u00e0 la r\u00e9glementation en vigueur.<\/p><\/li><li><p>La confirmation de la commande par e-mail et le paiement de l&rsquo;acompte valent acceptation des conditions ci-dessus et engagent le client \u00e0 r\u00e9gler les marchandises command\u00e9es.<\/p><\/li><\/ol>\t\t\t\t\t\t\t\t<\/div>\n\t\t\t\t<\/div>\n\t\t\t\t\t<\/div>\n\t\t\t\t<\/div>\n\t\t<div class=\"elementor-element elementor-element-8b6ece2 e-flex e-con-boxed e-con e-parent\" data-id=\"8b6ece2\" data-element_type=\"container\" data-e-type=\"container\">\n\t\t\t\t\t<div class=\"e-con-inner\">\n\t\t\t\t<div class=\"elementor-element elementor-element-cc496f6 elementor-widget elementor-widget-spacer\" data-id=\"cc496f6\" data-element_type=\"widget\" data-e-type=\"widget\" data-widget_type=\"spacer.default\">\n\t\t\t\t<div class=\"elementor-widget-container\">\n\t\t\t\t\t\t\t<div class=\"elementor-spacer\">\n\t\t\t<div class=\"elementor-spacer-inner\"><\/div>\n\t\t<\/div>\n\t\t\t\t\t\t<\/div>\n\t\t\t\t<\/div>\n\t\t\t\t\t<\/div>\n\t\t\t\t<\/div>\n\t\t\t\t<\/div>","protected":false},"excerpt":{"rendered":"<p>Pour assurer une mise en \u0153uvre pr\u00e9cise de vos commandes, veuillez les envoyer exclusivement par courrier \u00e9lectronique. Avant de d\u00e9buter la conception et l&rsquo;ex\u00e9cution de votre commande, un acompte de 50% du montant total est requis, qui sera d\u00e9duit du paiement final. Le solde final doit \u00eatre r\u00e9gl\u00e9 avant l&rsquo;exp\u00e9dition ou la r\u00e9ception de la [&hellip;]<\/p>\n","protected":false},"author":1,"featured_media":0,"parent":13331,"menu_order":0,"comment_status":"closed","ping_status":"closed","template":"elementor_header_footer","meta":{"_monsterinsights_skip_tracking":false,"_monsterinsights_sitenote_active":false,"_monsterinsights_sitenote_note":"","_monsterinsights_sitenote_category":0,"_uf_show_specific_survey":0,"_uf_disable_surveys":false,"footnotes":""},"class_list":["post-8581","page","type-page","status-publish","hentry"],"aioseo_notices":[],"_links":{"self":[{"href":"https:\/\/www.ufusport.com\/en\/wp-json\/wp\/v2\/pages\/8581","targetHints":{"allow":["GET"]}}],"collection":[{"href":"https:\/\/www.ufusport.com\/en\/wp-json\/wp\/v2\/pages"}],"about":[{"href":"https:\/\/www.ufusport.com\/en\/wp-json\/wp\/v2\/types\/page"}],"author":[{"embeddable":true,"href":"https:\/\/www.ufusport.com\/en\/wp-json\/wp\/v2\/users\/1"}],"replies":[{"embeddable":true,"href":"https:\/\/www.ufusport.com\/en\/wp-json\/wp\/v2\/comments?post=8581"}],"version-history":[{"count":9,"href":"https:\/\/www.ufusport.com\/en\/wp-json\/wp\/v2\/pages\/8581\/revisions"}],"predecessor-version":[{"id":11562,"href":"https:\/\/www.ufusport.com\/en\/wp-json\/wp\/v2\/pages\/8581\/revisions\/11562"}],"up":[{"embeddable":true,"href":"https:\/\/www.ufusport.com\/en\/wp-json\/wp\/v2\/pages\/13331"}],"wp:attachment":[{"href":"https:\/\/www.ufusport.com\/en\/wp-json\/wp\/v2\/media?parent=8581"}],"curies":[{"name":"wp","href":"https:\/\/api.w.org\/{rel}","templated":true}]}}