{"id":13342,"date":"2025-01-18T15:23:03","date_gmt":"2025-01-18T15:23:03","guid":{"rendered":"https:\/\/www.ufusport.com\/?page_id=13342"},"modified":"2025-04-29T21:04:02","modified_gmt":"2025-04-29T21:04:02","slug":"panier","status":"publish","type":"page","link":"https:\/\/www.ufusport.com\/en\/mon-compte\/panier\/","title":{"rendered":"Shop"},"content":{"rendered":"<div data-elementor-type=\"wp-page\" data-elementor-id=\"13342\" class=\"elementor elementor-13342\" data-elementor-post-type=\"page\">\n\t\t\t\t<div class=\"elementor-element elementor-element-ba8b0b8 e-flex e-con-boxed e-con e-parent\" data-id=\"ba8b0b8\" data-element_type=\"container\" data-e-type=\"container\" data-settings=\"{&quot;background_background&quot;:&quot;classic&quot;}\">\n\t\t\t\t\t<div class=\"e-con-inner\">\n\t\t\t\t<div class=\"elementor-element elementor-element-4e8c2e6 elementor-widget elementor-widget-woocommerce-breadcrumb\" data-id=\"4e8c2e6\" data-element_type=\"widget\" data-e-type=\"widget\" data-widget_type=\"woocommerce-breadcrumb.default\">\n\t\t\t\t<div class=\"elementor-widget-container\">\n\t\t\t\t\t<nav class=\"woocommerce-breadcrumb\" aria-label=\"Breadcrumb\" data-no-translation=\"\" data-trp-gettext=\"\">Home<\/nav>\t\t\t\t<\/div>\n\t\t\t\t<\/div>\n\t\t\t\t\t<\/div>\n\t\t\t\t<\/div>\n\t\t<div class=\"elementor-element elementor-element-ddf276e e-flex e-con-boxed e-con e-parent\" data-id=\"ddf276e\" data-element_type=\"container\" data-e-type=\"container\">\n\t\t\t\t\t<div class=\"e-con-inner\">\n\t\t\t\t<div class=\"elementor-element elementor-element-6131e1d7 e-checkout-layout-two-column elementor-widget elementor-widget-woocommerce-checkout-page\" data-id=\"6131e1d7\" data-element_type=\"widget\" data-e-type=\"widget\" data-settings=\"{&quot;sticky_right_column&quot;:&quot;yes&quot;,&quot;sticky_right_column_offset&quot;:235,&quot;purchase_button_hover_animation&quot;:&quot;grow&quot;}\" data-widget_type=\"woocommerce-checkout-page.default\">\n\t\t\t\t<div class=\"elementor-widget-container\">\n\t\t\t\t\t<div class=\"woocommerce\"><\/div>\t\t\t\t<\/div>\n\t\t\t\t<\/div>\n\t\t\t\t\t<\/div>\n\t\t\t\t<\/div>\n\t\t<div class=\"elementor-element elementor-element-165c5707 e-flex e-con-boxed e-con e-parent\" data-id=\"165c5707\" data-element_type=\"container\" data-e-type=\"container\">\n\t\t\t\t\t<div class=\"e-con-inner\">\n\t\t\t\t<div class=\"elementor-element elementor-element-65425b76 elementor-widget elementor-widget-spacer\" data-id=\"65425b76\" data-element_type=\"widget\" data-e-type=\"widget\" data-widget_type=\"spacer.default\">\n\t\t\t\t<div class=\"elementor-widget-container\">\n\t\t\t\t\t\t\t<div class=\"elementor-spacer\">\n\t\t\t<div class=\"elementor-spacer-inner\"><\/div>\n\t\t<\/div>\n\t\t\t\t\t\t<\/div>\n\t\t\t\t<\/div>\n\t\t\t\t\t<\/div>\n\t\t\t\t<\/div>\n\t\t\t\t<\/div>","protected":false},"excerpt":{"rendered":"<p>D\u00e9tails de facturation Pr\u00e9nom&nbsp;* Nom&nbsp;* Nom de l\u2019entreprise&nbsp;(facultatif) Pays\/r\u00e9gion&nbsp;*S\u00e9lectionner un pays\/r\u00e9gion\u2026AfghanistanAfrique du Sud\u00c5land IslandsAlbanieAlg\u00e9rieAllemagneAmerican SamoaAndorreAngolaAnguillaAntarctiqueAntigua-et-BarbudaArabie SaouditeArgentineArm\u00e9nieArubaAustralieAutricheAzerbaijanBahamasBahrainBangladeshBarbadesBelauBelgiqueBelizeBeninBermudesBhutanBi\u00e9lorussieBolivieBosnie-Herz\u00e9govineBotswanaBr\u00e9silBruneiBulgarieBurkina FasoBurundiCambodgeCamerounCanadaCap VertChiliChineChristmas IslandChypreColombieComoresCongo (Brazzaville)Congo (Kinshasa)Cor\u00e9e du NordCor\u00e9e du SudCosta RicaC\u00f4te-d\u2019IvoireCroatieCubaCura\u00e7aoDanemarkDjiboutiDominique\u00c9gypte\u00c9mirats Arabes Unis\u00c9quateurErythr\u00e9eEspagneEstonieEswatiniEtats-Unis (USA)\u00c9thiopieFidjiFinlandeFranceGabonGambieG\u00e9orgieG\u00e9orgie du Sud \/ \u00eeles SandwichGhanaGibraltarGr\u00e8ceGrenadeGroenlandGuadeloupeGuamGuatemalaGuerneseyGuin\u00e9eGuin\u00e9e \u00e9quatorialeGuin\u00e9e-BissauGuyaneGuyane Fran\u00e7aiseHa\u00eftiHondurasHong KongHongrie\u00cele Bouvet\u00cele de Man\u00cele Norfolk\u00celes Ca\u00efmans\u00celes Cocos\u00celes Cook\u00celes Falkland\u00celes F\u00e9ro\u00e9\u00celes Heard-et-MacDonald\u00celes Marshall\u00celes Mineures \u00e9loign\u00e9es des \u00c9tats-Unis\u00celes Salomon\u00celes Turques et [&hellip;]<\/p>\n","protected":false},"author":1,"featured_media":0,"parent":13331,"menu_order":1,"comment_status":"closed","ping_status":"closed","template":"","meta":{"_monsterinsights_skip_tracking":false,"_monsterinsights_sitenote_active":false,"_monsterinsights_sitenote_note":"","_monsterinsights_sitenote_category":0,"_uf_show_specific_survey":0,"_uf_disable_surveys":false,"footnotes":""},"class_list":["post-13342","page","type-page","status-publish","hentry"],"aioseo_notices":[],"_links":{"self":[{"href":"https:\/\/www.ufusport.com\/en\/wp-json\/wp\/v2\/pages\/13342","targetHints":{"allow":["GET"]}}],"collection":[{"href":"https:\/\/www.ufusport.com\/en\/wp-json\/wp\/v2\/pages"}],"about":[{"href":"https:\/\/www.ufusport.com\/en\/wp-json\/wp\/v2\/types\/page"}],"author":[{"embeddable":true,"href":"https:\/\/www.ufusport.com\/en\/wp-json\/wp\/v2\/users\/1"}],"replies":[{"embeddable":true,"href":"https:\/\/www.ufusport.com\/en\/wp-json\/wp\/v2\/comments?post=13342"}],"version-history":[{"count":34,"href":"https:\/\/www.ufusport.com\/en\/wp-json\/wp\/v2\/pages\/13342\/revisions"}],"predecessor-version":[{"id":14889,"href":"https:\/\/www.ufusport.com\/en\/wp-json\/wp\/v2\/pages\/13342\/revisions\/14889"}],"up":[{"embeddable":true,"href":"https:\/\/www.ufusport.com\/en\/wp-json\/wp\/v2\/pages\/13331"}],"wp:attachment":[{"href":"https:\/\/www.ufusport.com\/en\/wp-json\/wp\/v2\/media?parent=13342"}],"curies":[{"name":"wp","href":"https:\/\/api.w.org\/{rel}","templated":true}]}}